{"id":7469,"date":"2026-02-13T16:57:28","date_gmt":"2026-02-13T15:57:28","guid":{"rendered":"https:\/\/www.josiajourdan.ch\/wordpress\/?page_id=7469"},"modified":"2026-02-13T17:40:07","modified_gmt":"2026-02-13T16:40:07","slug":"texte","status":"publish","type":"page","link":"https:\/\/www.josiajourdan.ch\/wordpress\/texte\/","title":{"rendered":"Texte"},"content":{"rendered":"\t\t<div data-elementor-type=\"wp-page\" data-elementor-id=\"7469\" class=\"elementor elementor-7469\">\n\t\t\t\t<div class=\"elementor-element elementor-element-c98398e e-flex e-con-boxed wpr-particle-no wpr-jarallax-no wpr-parallax-no e-con e-parent\" data-id=\"c98398e\" data-element_type=\"container\" data-settings=\"{&quot;content_width&quot;:&quot;boxed&quot;}\" data-core-v316-plus=\"true\">\n\t\t\t\t\t<div class=\"e-con-inner\">\n\t\t\t\t<div class=\"elementor-element elementor-element-6a10961 elementor-widget elementor-widget-heading\" data-id=\"6a10961\" data-element_type=\"widget\" data-widget_type=\"heading.default\">\n\t\t\t\t<div class=\"elementor-widget-container\">\n\t\t\t<style>\/*! elementor - v3.19.0 - 07-02-2024 *\/\n.elementor-heading-title{padding:0;margin:0;line-height:1}.elementor-widget-heading .elementor-heading-title[class*=elementor-size-]>a{color:inherit;font-size:inherit;line-height:inherit}.elementor-widget-heading .elementor-heading-title.elementor-size-small{font-size:15px}.elementor-widget-heading .elementor-heading-title.elementor-size-medium{font-size:19px}.elementor-widget-heading .elementor-heading-title.elementor-size-large{font-size:29px}.elementor-widget-heading .elementor-heading-title.elementor-size-xl{font-size:39px}.elementor-widget-heading .elementor-heading-title.elementor-size-xxl{font-size:59px}<\/style><h2 class=\"elementor-heading-title elementor-size-default\">Journalistische Texte<\/h2>\t\t<\/div>\n\t\t\t\t<\/div>\n\t\t\t\t\t<\/div>\n\t\t\t\t<\/div>\n\t\t<div class=\"elementor-element elementor-element-fdc05e0 e-flex e-con-boxed wpr-particle-no wpr-jarallax-no wpr-parallax-no e-con e-parent\" data-id=\"fdc05e0\" data-element_type=\"container\" data-settings=\"{&quot;content_width&quot;:&quot;boxed&quot;}\" data-core-v316-plus=\"true\">\n\t\t\t\t\t<div class=\"e-con-inner\">\n\t\t\t\t<div class=\"elementor-element elementor-element-fb67f3f elementor-widget elementor-widget-text-editor\" data-id=\"fb67f3f\" data-element_type=\"widget\" data-widget_type=\"text-editor.default\">\n\t\t\t\t<div class=\"elementor-widget-container\">\n\t\t\t<style>\/*! elementor - v3.19.0 - 07-02-2024 *\/\n.elementor-widget-text-editor.elementor-drop-cap-view-stacked .elementor-drop-cap{background-color:#69727d;color:#fff}.elementor-widget-text-editor.elementor-drop-cap-view-framed .elementor-drop-cap{color:#69727d;border:3px solid;background-color:transparent}.elementor-widget-text-editor:not(.elementor-drop-cap-view-default) .elementor-drop-cap{margin-top:8px}.elementor-widget-text-editor:not(.elementor-drop-cap-view-default) .elementor-drop-cap-letter{width:1em;height:1em}.elementor-widget-text-editor .elementor-drop-cap{float:left;text-align:center;line-height:1;font-size:50px}.elementor-widget-text-editor .elementor-drop-cap-letter{display:inline-block}<\/style>\t\t\t\t<div class=\"Y3BBE\" data-sfc-cp=\"\" data-hveid=\"CAEIBRAA\" data-complete=\"true\" data-processed=\"true\">Seit meinem vierzehnten Lebensjahr schreibe ich f\u00fcr klassische Printmedien und digitale Formate. Mein Fokus liegt auf Stimmen, die im medialen Diskurs oft zu wenig Raum bekommen. Von fundierten Rezensionen \u00fcber tiefgr\u00fcndige Portr\u00e4ts bis hin zu pointierten Kolumnen und Essays \u2013 ich beleuchte Kultur dort, wo sie gesellschaftlich relevant wird.<span class=\"uJ19be notranslate\" data-wiz-uids=\"o3EF9e_o,o3EF9e_p\" data-complete=\"true\"><span class=\"vKEkVd\" data-animation-atomic=\"\" data-wiz-attrbind=\"class=o3EF9e_n\/TKHnVd\" data-sae=\"\"><span aria-hidden=\"true\">\u00a0<\/span><\/span><\/span><\/div><div class=\"Fsg96\" data-sfc-cp=\"\" data-complete=\"true\" data-processed=\"true\">\u00a0<\/div><h4 class=\"otQkpb\" role=\"heading\" aria-level=\"3\" data-complete=\"true\" data-processed=\"true\">Kolumnen (Auswahl)<\/h4><ul class=\"KsbFXc U6u95\" data-complete=\"true\" data-processed=\"true\"><li data-hveid=\"CAEIBxAA\" data-complete=\"true\" data-sae=\"\"><span class=\"T286Pc\" data-sfc-cp=\"\" data-complete=\"true\"><strong class=\"Yjhzub\" data-complete=\"true\"><span data-sfc-cp=\"\" data-complete=\"true\"><a class=\"H23r4e\" href=\"https:\/\/www.bzbasel.ch\/kultur\/basel\/queerbeet-das-dritte-geschlecht-ist-keine-option-sondern-ein-muss-ld.2402192\" target=\"_blank\" rel=\"noopener\" data-hveid=\"CAEIBxAB\" data-sb=\"\/url?sa=i&amp;source=web&amp;rct=j&amp;url=https:\/\/www.bzbasel.ch\/kultur\/basel\/queerbeet-das-dritte-geschlecht-ist-keine-option-sondern-ein-muss-ld.2402192&amp;ved=2ahUKEwj0tMOb7taSAxXzUMMIHdDJE4kQy_kOegYIAQgHEAE&amp;opi=89978449&amp;cd&amp;psig=AOvVaw39b5rtirQ4b7gK0r0ZDdZp&amp;ust=1771085620756000\">Queerbeet<\/a><\/span>:<\/strong> Eine monatliche Auseinandersetzung mit queeren Lebensrealit\u00e4ten f\u00fcr die <span data-sfc-cp=\"\" data-complete=\"true\"><a class=\"H23r4e\" href=\"https:\/\/www.bzbasel.ch\/kultur\/basel\/queerbeet-brief-an-mich-ld.2460290\" target=\"_blank\" rel=\"noopener\" data-hveid=\"CAEIBxAC\" data-sb=\"\/url?sa=i&amp;source=web&amp;rct=j&amp;url=https:\/\/www.bzbasel.ch\/kultur\/basel\/queerbeet-brief-an-mich-ld.2460290&amp;ved=2ahUKEwj0tMOb7taSAxXzUMMIHdDJE4kQy_kOegYIAQgHEAI&amp;opi=89978449&amp;cd&amp;psig=AOvVaw39b5rtirQ4b7gK0r0ZDdZp&amp;ust=1771085620756000\">bz Basel<\/a><\/span> und das CH Media-Netzwerk.<\/span><\/li><li data-hveid=\"CAEIBxAD\" data-complete=\"true\" data-sae=\"\"><span class=\"T286Pc\" data-sfc-cp=\"\" data-complete=\"true\"><strong class=\"Yjhzub\" data-complete=\"true\">Josia Dating:<\/strong> Eine illustrierte Kolumne \u00fcber die T\u00fccken und Highlights des queeren Datings im <span data-sfc-cp=\"\" data-complete=\"true\"><a class=\"H23r4e\" href=\"https:\/\/www.display-magazin.ch\/author\/josia-jourdan\/\" target=\"_blank\" rel=\"noopener\" data-hveid=\"CAEIBxAE\" data-sb=\"\/url?sa=i&amp;source=web&amp;rct=j&amp;url=https:\/\/www.display-magazin.ch\/author\/josia-jourdan\/&amp;ved=2ahUKEwj0tMOb7taSAxXzUMMIHdDJE4kQy_kOegYIAQgHEAQ&amp;opi=89978449&amp;cd&amp;psig=AOvVaw39b5rtirQ4b7gK0r0ZDdZp&amp;ust=1771085620756000\">DISPLAY Magazin<\/a><\/span>.<\/span><\/li><li data-hveid=\"CAEIBxAF\" data-complete=\"true\" data-sae=\"\"><span class=\"T286Pc\" data-sfc-cp=\"\" data-complete=\"true\"><strong class=\"Yjhzub\" data-complete=\"true\"><a href=\"https:\/\/buchmarkt.de\/2025\/10\/21\/josias-branchenblick-ki-okt-25\/\">Josias Branchenblick<\/a>:<\/strong> Ein Blick hinter die Kulissen der Buchwelt zwischen KI, Social Media und zukunftsf\u00e4higen Strategien f\u00fcr BuchMarkt.<\/span><\/li><li data-hveid=\"CAEIBxAG\" data-complete=\"true\" data-sae=\"\"><span class=\"T286Pc\" data-sfc-cp=\"\" data-complete=\"true\"><strong class=\"Yjhzub\" data-complete=\"true\">Frischkultur:<\/strong> Portr\u00e4ts \u00fcber aufstrebende K\u00fcnstler:innen und Jugendkultur im Basler Kulturmagazin PROZ.<\/span><\/li><li data-hveid=\"CAEIBxAH\" data-complete=\"true\" data-sae=\"\"><span class=\"T286Pc\" data-sfc-cp=\"\" data-complete=\"true\"><strong class=\"Yjhzub\" data-complete=\"true\">Der j\u00fcngste Buchkritiker:<\/strong> Mein Karrierestart mit einer w\u00f6chentlichen Literaturkolumne f\u00fcr die bz Basel.<\/span><span class=\"uJ19be notranslate\" data-wiz-uids=\"o3EF9e_1h,o3EF9e_1i\" data-complete=\"true\"><span class=\"vKEkVd\" data-animation-atomic=\"\" data-wiz-attrbind=\"class=o3EF9e_1g\/TKHnVd\" data-sae=\"\"><span aria-hidden=\"true\">\u00a0<\/span><\/span><\/span><\/li><\/ul><div class=\"Fsg96\" data-sfc-cp=\"\" data-complete=\"true\" data-processed=\"true\">\u00a0<\/div><h4 class=\"otQkpb\" role=\"heading\" aria-level=\"3\" data-complete=\"true\" data-processed=\"true\"><strong>Interviews &amp; Portr\u00e4ts<\/strong><\/h4><div class=\"Y3BBE\" data-sfc-cp=\"\" data-hveid=\"CAEICRAA\" data-complete=\"true\" data-processed=\"true\">Ich suche das Gespr\u00e4ch mit Menschen, die den Kulturbetrieb vielf\u00e4ltiger machen. Zu meinen Gespr\u00e4chspartner:innen geh\u00f6ren:<\/div><ul class=\"KsbFXc U6u95\" data-complete=\"true\" data-processed=\"true\"><li data-hveid=\"CAEIChAA\" data-complete=\"true\" data-sae=\"\"><span class=\"T286Pc\" data-sfc-cp=\"\" data-complete=\"true\"><strong class=\"Yjhzub\" data-complete=\"true\"><span data-sfc-cp=\"\" data-complete=\"true\"><a class=\"H23r4e\" href=\"https:\/\/www.bzbasel.ch\/kultur\/basel\/queerbeet-nura-ich-koennte-gar-nicht-mehr-unpolitische-musik-machen-ld.2206018\" target=\"_blank\" rel=\"noopener\" data-hveid=\"CAEIChAB\" data-sb=\"\/url?sa=i&amp;source=web&amp;rct=j&amp;url=https:\/\/www.bzbasel.ch\/kultur\/basel\/queerbeet-nura-ich-koennte-gar-nicht-mehr-unpolitische-musik-machen-ld.2206018&amp;ved=2ahUKEwj0tMOb7taSAxXzUMMIHdDJE4kQy_kOegYIAQgKEAE&amp;opi=89978449&amp;cd&amp;psig=AOvVaw39b5rtirQ4b7gK0r0ZDdZp&amp;ust=1771085620756000\">Nura<\/a><\/span>:<\/strong> \u00dcber Politik, Feminismus und Haltung im Rap (CH Media \/ DISPLAY).<\/span><\/li><li data-hveid=\"CAEIChAC\" data-complete=\"true\" data-sae=\"\"><span class=\"T286Pc\" data-sfc-cp=\"\" data-complete=\"true\"><strong class=\"Yjhzub\" data-complete=\"true\">Troye Sivan &amp; Omar Rudberg:<\/strong> Exklusive Coverstorys und Einblicke f\u00fcr das <a href=\"https:\/\/www.display-magazin.ch\/author\/josia-jourdan\/\">DISPLAY Magazin<\/a>.<\/span><\/li><li data-hveid=\"CAEIChAD\" data-complete=\"true\" data-sae=\"\"><span class=\"T286Pc\" data-sfc-cp=\"\" data-complete=\"true\"><strong class=\"Yjhzub\" data-complete=\"true\">Berliner Stimmen:<\/strong> Gespr\u00e4che mit <a href=\"https:\/\/www.berliner-zeitung.de\/kultur-vergnuegen\/musik\/lucio101-der-rapper-vom-rosenthaler-platz-li.2295542\"><strong class=\"Yjhzub\" data-complete=\"true\">Lucio 101<\/strong><\/a> und <a href=\"https:\/\/www.berliner-zeitung.de\/panorama\/partyreihe-lunchbox-candy-ein-lifestyle-und-ein-queerer-safe-space-li.2341430\"><strong class=\"Yjhzub\" data-complete=\"true\">Lunchbox Candy<\/strong> <\/a>f\u00fcr die Berliner Zeitung sowie <a href=\"https:\/\/www.tagesspiegel.de\/gesellschaft\/queerspiegel\/schwuler-hip-hop-aus-berlin-baran-kok-rappt-am-liebsten-uber-penisse-14146274.html\"><strong class=\"Yjhzub\" data-complete=\"true\">Baran Kok<\/strong><\/a> f\u00fcr den Tagesspiegel.<\/span><\/li><\/ul><div class=\"Fsg96\" data-sfc-cp=\"\" data-complete=\"true\" data-processed=\"true\">\u00a0<\/div><h4 class=\"otQkpb\" role=\"heading\" aria-level=\"3\" data-complete=\"true\" data-processed=\"true\">Publikationen<\/h4><div class=\"Y3BBE\" data-sfc-cp=\"\" data-hveid=\"CAEIDBAA\" data-complete=\"true\" data-processed=\"true\">Meine Texte und Essays sind bisher unter anderem in folgenden Medien erschienen:<br data-serialized-params=\"[]\" data-complete=\"true\" \/><a href=\"https:\/\/www.zeit.de\/2023\/48\/josia-jourdan-lesen-literatur-influencerin-instagram\"><strong class=\"Yjhzub\" data-complete=\"true\">DIE ZEIT<\/strong><\/a> | <a href=\"https:\/\/www.tagesspiegel.de\/gesellschaft\/queerspiegel\/sexarbeiter-und-fotograf-vincent-wechselberger-portratiert-queers-die-sex-fur-geld-anbieten-12433421.html\"><strong class=\"Yjhzub\" data-complete=\"true\">Der Tagesspiegel<\/strong><\/a> | <a href=\"https:\/\/www.berliner-zeitung.de\/kultur-vergnuegen\/musik\/tym-ich-bringe-den-edge-mit-der-vielen-musikern-in-deutschland-fehlt-li.2346781\"><strong class=\"Yjhzub\" data-complete=\"true\">Berliner Zeitung<\/strong><\/a> | <a href=\"https:\/\/www.woz.ch\/p\/josia-jourdan\"><strong class=\"Yjhzub\" data-complete=\"true\"><span class=\"T286Pc\" data-sfc-cp=\"\" data-complete=\"true\">WOZ Die Wochenzeitung<\/span><\/strong><\/a> | <a href=\"https:\/\/bajour.ch\/a\/ticker-buch-basel\"><strong class=\"Yjhzub\" data-complete=\"true\"><span class=\"T286Pc\" data-sfc-cp=\"\" data-complete=\"true\">Bajour<\/span><\/strong><\/a> | <a href=\"http:\/\/www.du-magazin.com\/kiosk\/detail\/914\"><strong class=\"Yjhzub\" data-complete=\"true\">DU Kulturmagazin<\/strong><\/a> | <strong><a href=\"https:\/\/www.proz.online\/app\/Artikel\/highlights\/Article126479\/Warum%20die%20Frankfurter%20Buchmesse%20f%C3%BCr%20Basel%20unverzichtbar%20ist\">PROZ Basel<\/a>, <\/strong><a href=\"https:\/\/www.musikzeitung.ch\/basis\/sonart\/2025\/11\/queere-musik-in-der-schweiz-wie-klingt-sichtbarkeit\"><strong class=\"Yjhzub\" data-complete=\"true\">Schweizer Musikzeitung<\/strong> <\/a>| <strong class=\"Yjhzub\" data-complete=\"true\">Coopzeitung<\/strong> | <a href=\"https:\/\/www.buchkultur.net\/buchkultur-celebrating-book-love\/?srsltid=AfmBOooiCOLY91DxISFvEQzcnVUgb9by6QLHrBxAGfta4M8wxPpcElUe\"><strong class=\"Yjhzub\" data-complete=\"true\">Buchkultur<\/strong><\/a> | <a href=\"https:\/\/mannschaft.com\/a\/trans-queer-buch-wo-wir-uns-beruehren\"><strong class=\"Yjhzub\" data-complete=\"true\">Mannschaft Magazin<\/strong><\/a><span class=\"uJ19be notranslate\" data-wiz-uids=\"o3EF9e_2w,o3EF9e_2x\" data-complete=\"true\"><span class=\"vKEkVd\" data-animation-atomic=\"\" data-wiz-attrbind=\"class=o3EF9e_2v\/TKHnVd\" data-sae=\"\" aria-owns=\"action-menu-parent-container\"><span aria-hidden=\"true\"> \/ <a href=\"https:\/\/www.bzbasel.ch\/kultur\/basel\/queerbeet-sex-ist-mehr-als-fortpflanzung-mit-risiken-klaert-uns-richtig-auf-ld.2350583\">bz Basel<\/a> \/ <a href=\"https:\/\/buchmarkt.de\/2025\/09\/19\/josia-0925\/\"><strong>BuchMarkt.de<\/strong><\/a><\/span><\/span><\/span><\/div><div data-sfc-cp=\"\" data-hveid=\"CAEIDBAA\" data-complete=\"true\" data-processed=\"true\">\u00a0<\/div><div data-sfc-cp=\"\" data-hveid=\"CAEIDBAA\" data-complete=\"true\" data-processed=\"true\"><h4 class=\"otQkpb\" role=\"heading\" aria-level=\"3\" data-complete=\"true\" data-processed=\"true\">Themenschwerpunkte<\/h4><ul class=\"KsbFXc U6u95\" data-complete=\"true\" data-processed=\"true\"><li data-hveid=\"CAEIDhAA\" data-complete=\"true\" data-sae=\"\"><span class=\"T286Pc\" data-sfc-cp=\"\" data-complete=\"true\"><strong class=\"Yjhzub\" data-complete=\"true\">Literatur &amp; Digitalit\u00e4t:<\/strong> BookTok, digitale Lesekultur und neue Erz\u00e4hlformen.<\/span><\/li><li data-hveid=\"CAEIDhAB\" data-complete=\"true\" data-sae=\"\"><span class=\"T286Pc\" data-sfc-cp=\"\" data-complete=\"true\"><strong class=\"Yjhzub\" data-complete=\"true\">Pop &amp; Rap:<\/strong> Analyse aktueller Str\u00f6mungen mit Fokus auf Identit\u00e4t.<\/span><\/li><li data-hveid=\"CAEIDhAC\" data-complete=\"true\" data-sae=\"\"><span class=\"T286Pc\" data-sfc-cp=\"\" data-complete=\"true\"><strong class=\"Yjhzub\" data-complete=\"true\">Queerness &amp; Gesellschaft:<\/strong> Sichtbarkeit und Debattenkultur.<\/span><\/li><li data-hveid=\"CAEIDhAD\" data-complete=\"true\" data-sae=\"\"><span class=\"T286Pc\" data-sfc-cp=\"\" data-complete=\"true\" aria-owns=\"action-menu-parent-container\"><strong class=\"Yjhzub\" data-complete=\"true\">Gen Z Perspektiven:<\/strong> Nachhaltigkeit, digitale Identit\u00e4t und gesellschaftlicher Wandel.<\/span><\/li><\/ul><\/div>\t\t\t\t\t\t<\/div>\n\t\t\t\t<\/div>\n\t\t\t\t\t<\/div>\n\t\t\t\t<\/div>\n\t\t\t\t<\/div>\n\t\t","protected":false},"excerpt":{"rendered":"<p>Journalistische Texte Seit meinem vierzehnten Lebensjahr schreibe ich f\u00fcr klassische Printmedien und digitale Formate. Mein Fokus liegt auf Stimmen, die im medialen Diskurs oft zu wenig Raum bekommen. Von fundierten Rezensionen \u00fcber tiefgr\u00fcndige Portr\u00e4ts bis hin zu pointierten Kolumnen und Essays \u2013 ich beleuchte Kultur dort, wo sie gesellschaftlich relevant wird.\u00a0\u00a0 Kolumnen (Auswahl) Queerbeet: Eine [&hellip;]<\/p>\n","protected":false},"author":3,"featured_media":0,"parent":0,"menu_order":0,"comment_status":"closed","ping_status":"closed","template":"","meta":{"jetpack_post_was_ever_published":false,"footnotes":""},"class_list":["post-7469","page","type-page","status-publish","hentry"],"yoast_head":"<!-- This site is optimized with the Yoast SEO plugin v16.3 - https:\/\/yoast.com\/wordpress\/plugins\/seo\/ -->\n<title>Texte | Josia Jourdan<\/title>\n<meta name=\"robots\" content=\"index, follow, max-snippet:-1, max-image-preview:large, max-video-preview:-1\" \/>\n<link rel=\"canonical\" href=\"https:\/\/www.josiajourdan.ch\/wordpress\/texte\/\" \/>\n<meta property=\"og:locale\" content=\"de_DE\" \/>\n<meta property=\"og:type\" content=\"article\" \/>\n<meta property=\"og:title\" content=\"Texte | Josia Jourdan\" \/>\n<meta property=\"og:description\" content=\"Journalistische Texte Seit meinem vierzehnten Lebensjahr schreibe ich f\u00fcr klassische Printmedien und digitale Formate. Mein Fokus liegt auf Stimmen, die im medialen Diskurs oft zu wenig Raum bekommen. Von fundierten Rezensionen \u00fcber tiefgr\u00fcndige Portr\u00e4ts bis hin zu pointierten Kolumnen und Essays \u2013 ich beleuchte Kultur dort, wo sie gesellschaftlich relevant wird.\u00a0\u00a0 Kolumnen (Auswahl) Queerbeet: Eine [&hellip;]\" \/>\n<meta property=\"og:url\" content=\"https:\/\/www.josiajourdan.ch\/wordpress\/texte\/\" \/>\n<meta property=\"og:site_name\" content=\"Josia Jourdan\" \/>\n<meta property=\"article:modified_time\" content=\"2026-02-13T16:40:07+00:00\" \/>\n<meta name=\"twitter:card\" content=\"summary_large_image\" \/>\n<meta name=\"twitter:label1\" content=\"Gesch\u00e4tzte Lesezeit\">\n\t<meta name=\"twitter:data1\" content=\"2\u00a0Minuten\">\n<script type=\"application\/ld+json\" class=\"yoast-schema-graph\">{\"@context\":\"https:\/\/schema.org\",\"@graph\":[{\"@type\":[\"Person\",\"Organization\"],\"@id\":\"https:\/\/www.josiajourdan.ch\/wordpress\/#\/schema\/person\/8f666fd3f7eec59fa85f7bedd2438c9d\",\"name\":\"Josia Jourdan\",\"image\":{\"@type\":\"ImageObject\",\"@id\":\"https:\/\/www.josiajourdan.ch\/wordpress\/#personlogo\",\"inLanguage\":\"de\",\"url\":\"https:\/\/secure.gravatar.com\/avatar\/e9ef50b71693368627e1fa033d9759c3?s=96&d=mm&r=g\",\"contentUrl\":\"https:\/\/secure.gravatar.com\/avatar\/e9ef50b71693368627e1fa033d9759c3?s=96&d=mm&r=g\",\"caption\":\"Josia Jourdan\"},\"logo\":{\"@id\":\"https:\/\/www.josiajourdan.ch\/wordpress\/#personlogo\"},\"description\":\"Auf meinem Blog findet ihr Buch- und Kulturtipps. Ich teile meine Leidenschaft f\\u00fcr B\\u00fccher. Ansonsten arbeite ich als Content Creator und Journalist. Mehr zu meiner Arbeit erfahrt ihr auf Instagram @josiajourdan oder in meinem Podcast \\\"Anyways it's a vibe\\\".\",\"sameAs\":[\"http:\/\/josiajourdan.ch\"]},{\"@type\":\"WebSite\",\"@id\":\"https:\/\/www.josiajourdan.ch\/wordpress\/#website\",\"url\":\"https:\/\/www.josiajourdan.ch\/wordpress\/\",\"name\":\"josiajourdan.ch\",\"description\":\"Autor, Speaker und Journalist\",\"publisher\":{\"@id\":\"https:\/\/www.josiajourdan.ch\/wordpress\/#\/schema\/person\/8f666fd3f7eec59fa85f7bedd2438c9d\"},\"potentialAction\":[{\"@type\":\"SearchAction\",\"target\":\"https:\/\/www.josiajourdan.ch\/wordpress\/?s={search_term_string}\",\"query-input\":\"required name=search_term_string\"}],\"inLanguage\":\"de\"},{\"@type\":\"WebPage\",\"@id\":\"https:\/\/www.josiajourdan.ch\/wordpress\/texte\/#webpage\",\"url\":\"https:\/\/www.josiajourdan.ch\/wordpress\/texte\/\",\"name\":\"Texte | Josia Jourdan\",\"isPartOf\":{\"@id\":\"https:\/\/www.josiajourdan.ch\/wordpress\/#website\"},\"datePublished\":\"2026-02-13T15:57:28+00:00\",\"dateModified\":\"2026-02-13T16:40:07+00:00\",\"breadcrumb\":{\"@id\":\"https:\/\/www.josiajourdan.ch\/wordpress\/texte\/#breadcrumb\"},\"inLanguage\":\"de\",\"potentialAction\":[{\"@type\":\"ReadAction\",\"target\":[\"https:\/\/www.josiajourdan.ch\/wordpress\/texte\/\"]}]},{\"@type\":\"BreadcrumbList\",\"@id\":\"https:\/\/www.josiajourdan.ch\/wordpress\/texte\/#breadcrumb\",\"itemListElement\":[{\"@type\":\"ListItem\",\"position\":1,\"item\":{\"@type\":\"WebPage\",\"@id\":\"https:\/\/www.josiajourdan.ch\/wordpress\/\",\"url\":\"https:\/\/www.josiajourdan.ch\/wordpress\/\",\"name\":\"Startseite\"}},{\"@type\":\"ListItem\",\"position\":2,\"item\":{\"@id\":\"https:\/\/www.josiajourdan.ch\/wordpress\/texte\/#webpage\"}}]}]}<\/script>\n<!-- \/ Yoast SEO plugin. -->","jetpack_sharing_enabled":true,"jetpack_shortlink":"https:\/\/wp.me\/P8eAsU-1Wt","_links":{"self":[{"href":"https:\/\/www.josiajourdan.ch\/wordpress\/wp-json\/wp\/v2\/pages\/7469"}],"collection":[{"href":"https:\/\/www.josiajourdan.ch\/wordpress\/wp-json\/wp\/v2\/pages"}],"about":[{"href":"https:\/\/www.josiajourdan.ch\/wordpress\/wp-json\/wp\/v2\/types\/page"}],"author":[{"embeddable":true,"href":"https:\/\/www.josiajourdan.ch\/wordpress\/wp-json\/wp\/v2\/users\/3"}],"replies":[{"embeddable":true,"href":"https:\/\/www.josiajourdan.ch\/wordpress\/wp-json\/wp\/v2\/comments?post=7469"}],"version-history":[{"count":13,"href":"https:\/\/www.josiajourdan.ch\/wordpress\/wp-json\/wp\/v2\/pages\/7469\/revisions"}],"predecessor-version":[{"id":7485,"href":"https:\/\/www.josiajourdan.ch\/wordpress\/wp-json\/wp\/v2\/pages\/7469\/revisions\/7485"}],"wp:attachment":[{"href":"https:\/\/www.josiajourdan.ch\/wordpress\/wp-json\/wp\/v2\/media?parent=7469"}],"curies":[{"name":"wp","href":"https:\/\/api.w.org\/{rel}","templated":true}]}}