{"id":7319,"date":"2025-12-12T17:30:46","date_gmt":"2025-12-12T16:30:46","guid":{"rendered":"https:\/\/www.josiajourdan.ch\/wordpress\/?page_id=7319"},"modified":"2026-02-13T17:49:10","modified_gmt":"2026-02-13T16:49:10","slug":"termine-2026","status":"publish","type":"page","link":"https:\/\/www.josiajourdan.ch\/wordpress\/termine-2026\/","title":{"rendered":"Termine 2026"},"content":{"rendered":"<p>Termine 2026 (Details folgen)<\/p>\n<h2>Veranstaltungen 2026 (Auswahl)<\/h2>\n<ul data-spread=\"false\">\n<li><a href=\"https:\/\/rds.unibas.ch\/en\/event\/details\/social-media-verbot\/\">4. M\u00e4rz &#8211; Uni Basel \u2014 Podiumsgespr\u00e4ch: Social Media Verbot f\u00fcr U16<\/a><\/li>\n<li><a href=\"https:\/\/www.bka.ch\/event\/einmachglas-demian-cornu-buchvernissage\">12. M\u00e4rz &#8211; Stauffacher Bern &#8211; Buch Vernissage Demian Cornu<\/a><\/li>\n<li>20. M\u00e4rz &#8211; Workshop Sek 1 Mettmenriet<\/li>\n<li>26. M\u00e4rz &#8211; Fremdgehen Literaturparcours Wiedikon Z\u00fcrich<\/li>\n<li>5.-9. Mai Literaturfestival Bottmingen<\/li>\n<li>12. Mai Uni Mainz Input zu BookTok<\/li>\n<li>15.-17- Mai Solothurner Literaturtage<\/li>\n<li>16. M\u00e4zr &#8211; Spheres Z\u00fcrich &#8211; Vernissage <em>Mein Sex: M\u00e4nner erz\u00e4hlen <\/em><\/li>\n<li><a href=\"https:\/\/www.dierahmenhandlung.com\/badragaz\">18.-20. September Literaturparcours Bad Ragaz<\/a><\/li>\n<li>31.10 Soucol Bern &#8211; H.Story Paneldiskussion<\/li>\n<li>November Lesetour Z\u00fcrcher Mittel- und Berufsschulen<\/li>\n<\/ul>\n<h3>Vergangene Termine (Auswahl)<\/h3>\n<ul data-spread=\"false\">\n<li>Kaufleuten Z\u00fcrich \u2014 2024<\/li>\n<li>Humbug Basel \u2014 2024 &amp; 2025<\/li>\n<li>Soho House Berlin \u2014 2025<\/li>\n<li>Hochschule St. Gallen \u2014\u00a0 2025<\/li>\n<li>GGG Basel \u2014 2024<\/li>\n<li>TinCon K\u00f6ln \u2014 2024<\/li>\n<li>SIKJM Jahrestagung \u2014 2024<\/li>\n<li>Erz\u00e4hlzeiten &#8212; 2025<\/li>\n<li>BuchBasel Lesung \u2014\u00a0 2025<\/li>\n<li>Paneltalk Solothurner Literaturtage \u2014 2025<\/li>\n<li>BookTok Events f\u00fcr Orell F\u00fcssli \u2014 2023<\/li>\n<\/ul>\n<p>&#8211;<\/p>\n<p>Veranstaltungsanfragen gerne an: josia@jourdan.ch<\/p>\n<p>&#8211;<\/p>\n<p>Als Speaker und Moderator stehe ich f\u00fcr eine zeitgen\u00f6ssische, junge Perspektive an der Schnittstelle von Literatur, KI und digitaler Kultur. In meinen Vortr\u00e4gen verbinde ich gesellschaftliche Analyse, pers\u00f6nliche Narrative und aktuelle Entwicklungen rund um K\u00fcnstliche Intelligenz, Social Media und digitale Intimit\u00e4t.<\/p>\n<p>Ich moderiere Buchvernissagen, Podiumsdiskussionen, Festivals, Lesungen und Workshops \u2013 in der Schweiz wie auch in Berlin. Besonders gefragt sind meine Inputs zu junger Literatur, digitalem Storytelling, Online-Kultur und den sozialen Auswirkungen von KI.<\/p>\n<p>Durch meine Erfahrung in Hochschulen, Literaturh\u00e4usern, Bibliotheken und Kulturinstitutionen biete ich sowohl fachliche Tiefe als auch eine zug\u00e4ngliche, dialogorientierte Moderationsweise. Ich unterst\u00fctze Veranstalter:innen dabei, anspruchsvolle Themen lebendig, relevant und publikumsnah zu vermitteln.<\/p>\n<p>Ob als Impulssprecher, Panelmoderator oder Gastgeber einer Buchvernissage: Ich entwickle f\u00fcr jedes Event ein stimmiges Konzept \u2013 reflektiert, zeitgem\u00e4\u00df und nah an den Diskursen von heute. Veranstalter:innen in der Schweiz und Berlin sch\u00e4tzen besonders meine Mischung aus analytischer Sch\u00e4rfe, Empathie und Sprachsensibilit\u00e4t.<\/p>\n","protected":false},"excerpt":{"rendered":"<p>Termine 2026 (Details folgen) Veranstaltungen 2026 (Auswahl) 4. M\u00e4rz &#8211; Uni Basel \u2014 Podiumsgespr\u00e4ch: Social Media Verbot f\u00fcr U16 12. M\u00e4rz &#8211; Stauffacher Bern &#8211; Buch Vernissage Demian Cornu 20. M\u00e4rz &#8211; Workshop Sek 1 Mettmenriet 26. M\u00e4rz &#8211; Fremdgehen Literaturparcours Wiedikon Z\u00fcrich 5.-9. Mai Literaturfestival Bottmingen 12. Mai Uni Mainz Input zu BookTok 15.-17- [&hellip;]<\/p>\n","protected":false},"author":3,"featured_media":0,"parent":0,"menu_order":0,"comment_status":"closed","ping_status":"closed","template":"","meta":{"jetpack_post_was_ever_published":false,"footnotes":""},"class_list":["post-7319","page","type-page","status-publish","hentry"],"yoast_head":"<!-- This site is optimized with the Yoast SEO plugin v16.3 - https:\/\/yoast.com\/wordpress\/plugins\/seo\/ -->\n<title>Termine 2026 | Josia Jourdan<\/title>\n<meta name=\"robots\" content=\"index, follow, max-snippet:-1, max-image-preview:large, max-video-preview:-1\" \/>\n<link rel=\"canonical\" href=\"https:\/\/www.josiajourdan.ch\/wordpress\/termine-2026\/\" \/>\n<meta property=\"og:locale\" content=\"de_DE\" \/>\n<meta property=\"og:type\" content=\"article\" \/>\n<meta property=\"og:title\" content=\"Termine 2026 | Josia Jourdan\" \/>\n<meta property=\"og:description\" content=\"Termine 2026 (Details folgen) Veranstaltungen 2026 (Auswahl) 4. M\u00e4rz &#8211; Uni Basel \u2014 Podiumsgespr\u00e4ch: Social Media Verbot f\u00fcr U16 12. M\u00e4rz &#8211; Stauffacher Bern &#8211; Buch Vernissage Demian Cornu 20. M\u00e4rz &#8211; Workshop Sek 1 Mettmenriet 26. M\u00e4rz &#8211; Fremdgehen Literaturparcours Wiedikon Z\u00fcrich 5.-9. Mai Literaturfestival Bottmingen 12. Mai Uni Mainz Input zu BookTok 15.-17- [&hellip;]\" \/>\n<meta property=\"og:url\" content=\"https:\/\/www.josiajourdan.ch\/wordpress\/termine-2026\/\" \/>\n<meta property=\"og:site_name\" content=\"Josia Jourdan\" \/>\n<meta property=\"article:modified_time\" content=\"2026-02-13T16:49:10+00:00\" \/>\n<meta name=\"twitter:card\" content=\"summary_large_image\" \/>\n<meta name=\"twitter:label1\" content=\"Gesch\u00e4tzte Lesezeit\">\n\t<meta name=\"twitter:data1\" content=\"1\u00a0Minute\">\n<script type=\"application\/ld+json\" class=\"yoast-schema-graph\">{\"@context\":\"https:\/\/schema.org\",\"@graph\":[{\"@type\":[\"Person\",\"Organization\"],\"@id\":\"https:\/\/www.josiajourdan.ch\/wordpress\/#\/schema\/person\/8f666fd3f7eec59fa85f7bedd2438c9d\",\"name\":\"Josia Jourdan\",\"image\":{\"@type\":\"ImageObject\",\"@id\":\"https:\/\/www.josiajourdan.ch\/wordpress\/#personlogo\",\"inLanguage\":\"de\",\"url\":\"https:\/\/secure.gravatar.com\/avatar\/e9ef50b71693368627e1fa033d9759c3?s=96&d=mm&r=g\",\"contentUrl\":\"https:\/\/secure.gravatar.com\/avatar\/e9ef50b71693368627e1fa033d9759c3?s=96&d=mm&r=g\",\"caption\":\"Josia Jourdan\"},\"logo\":{\"@id\":\"https:\/\/www.josiajourdan.ch\/wordpress\/#personlogo\"},\"description\":\"Auf meinem Blog findet ihr Buch- und Kulturtipps. Ich teile meine Leidenschaft f\\u00fcr B\\u00fccher. Ansonsten arbeite ich als Content Creator und Journalist. Mehr zu meiner Arbeit erfahrt ihr auf Instagram @josiajourdan oder in meinem Podcast \\\"Anyways it's a vibe\\\".\",\"sameAs\":[\"http:\/\/josiajourdan.ch\"]},{\"@type\":\"WebSite\",\"@id\":\"https:\/\/www.josiajourdan.ch\/wordpress\/#website\",\"url\":\"https:\/\/www.josiajourdan.ch\/wordpress\/\",\"name\":\"josiajourdan.ch\",\"description\":\"Autor, Speaker und Journalist\",\"publisher\":{\"@id\":\"https:\/\/www.josiajourdan.ch\/wordpress\/#\/schema\/person\/8f666fd3f7eec59fa85f7bedd2438c9d\"},\"potentialAction\":[{\"@type\":\"SearchAction\",\"target\":\"https:\/\/www.josiajourdan.ch\/wordpress\/?s={search_term_string}\",\"query-input\":\"required name=search_term_string\"}],\"inLanguage\":\"de\"},{\"@type\":\"WebPage\",\"@id\":\"https:\/\/www.josiajourdan.ch\/wordpress\/termine-2026\/#webpage\",\"url\":\"https:\/\/www.josiajourdan.ch\/wordpress\/termine-2026\/\",\"name\":\"Termine 2026 | Josia Jourdan\",\"isPartOf\":{\"@id\":\"https:\/\/www.josiajourdan.ch\/wordpress\/#website\"},\"datePublished\":\"2025-12-12T16:30:46+00:00\",\"dateModified\":\"2026-02-13T16:49:10+00:00\",\"breadcrumb\":{\"@id\":\"https:\/\/www.josiajourdan.ch\/wordpress\/termine-2026\/#breadcrumb\"},\"inLanguage\":\"de\",\"potentialAction\":[{\"@type\":\"ReadAction\",\"target\":[\"https:\/\/www.josiajourdan.ch\/wordpress\/termine-2026\/\"]}]},{\"@type\":\"BreadcrumbList\",\"@id\":\"https:\/\/www.josiajourdan.ch\/wordpress\/termine-2026\/#breadcrumb\",\"itemListElement\":[{\"@type\":\"ListItem\",\"position\":1,\"item\":{\"@type\":\"WebPage\",\"@id\":\"https:\/\/www.josiajourdan.ch\/wordpress\/\",\"url\":\"https:\/\/www.josiajourdan.ch\/wordpress\/\",\"name\":\"Startseite\"}},{\"@type\":\"ListItem\",\"position\":2,\"item\":{\"@id\":\"https:\/\/www.josiajourdan.ch\/wordpress\/termine-2026\/#webpage\"}}]}]}<\/script>\n<!-- \/ Yoast SEO plugin. -->","jetpack_sharing_enabled":true,"jetpack_shortlink":"https:\/\/wp.me\/P8eAsU-1U3","_links":{"self":[{"href":"https:\/\/www.josiajourdan.ch\/wordpress\/wp-json\/wp\/v2\/pages\/7319"}],"collection":[{"href":"https:\/\/www.josiajourdan.ch\/wordpress\/wp-json\/wp\/v2\/pages"}],"about":[{"href":"https:\/\/www.josiajourdan.ch\/wordpress\/wp-json\/wp\/v2\/types\/page"}],"author":[{"embeddable":true,"href":"https:\/\/www.josiajourdan.ch\/wordpress\/wp-json\/wp\/v2\/users\/3"}],"replies":[{"embeddable":true,"href":"https:\/\/www.josiajourdan.ch\/wordpress\/wp-json\/wp\/v2\/comments?post=7319"}],"version-history":[{"count":5,"href":"https:\/\/www.josiajourdan.ch\/wordpress\/wp-json\/wp\/v2\/pages\/7319\/revisions"}],"predecessor-version":[{"id":7486,"href":"https:\/\/www.josiajourdan.ch\/wordpress\/wp-json\/wp\/v2\/pages\/7319\/revisions\/7486"}],"wp:attachment":[{"href":"https:\/\/www.josiajourdan.ch\/wordpress\/wp-json\/wp\/v2\/media?parent=7319"}],"curies":[{"name":"wp","href":"https:\/\/api.w.org\/{rel}","templated":true}]}}