{"id":6916,"date":"2024-05-23T15:31:57","date_gmt":"2024-05-23T13:31:57","guid":{"rendered":"https:\/\/www.josiajourdan.ch\/wordpress\/?page_id=6916"},"modified":"2026-02-14T21:33:46","modified_gmt":"2026-02-14T20:33:46","slug":"speaker","status":"publish","type":"page","link":"https:\/\/www.josiajourdan.ch\/wordpress\/speaker\/","title":{"rendered":"Speaker &#038; Events"},"content":{"rendered":"<p>Ich arbeite mit einem klaren Anspruch: Literatur, digitale Kultur und gesellschaftliche Fragen so zu vermitteln, dass sie sp\u00fcrbar, zug\u00e4nglich und nachhaltig wirksam werden. Meine Formate verbinden professionelle Moderation, kuratorische Qualit\u00e4t und ein tiefes Verst\u00e4ndnis f\u00fcr aktuelle Diskurse.<\/p>\n<h2>Wirkungsfelder<\/h2>\n<p><strong>Literaturveranstaltungen:<\/strong> Von klassischen Buchclub-Abenden mit kuratierten Literaturempfehlungen bis hin zu professionellen Moderationen von Buchvernissagen und Lesungen.<\/p>\n<p><strong>Bildung &amp; Weiterbildung:<\/strong> Workshops f\u00fcr die Buch- und Kulturbranche, Career-Inputs im Soho House, sowie Gastreferate an Hochschulen zu Literatur, digitaler Kultur und KI.<\/p>\n<p><strong>Paneltalks &amp; Diskussionsrunden:<\/strong> Gespr\u00e4che, die Perspektiven \u00f6ffnen und darauf ausgelegt sind, dass das Denken nach der Veranstaltung weitergeht. Auftraggeber:innen waren u. a. Amnesty Schweiz, Universit\u00e4t Basel und QueerAltern Basel.<\/p>\n<p><strong>Immersive Lesungen \u2013 <em>Fehlfunktion<\/em>:<\/strong> Eine neue Form der Literaturvermittlung: Soundinstallationen, dialogische Elemente mit KI und performative Inszenierung. Erste erfolgreiche Durchf\u00fchrungen zeigen: Texte k\u00f6nnen nicht nur geh\u00f6rt, sondern erlebt werden.<\/p>\n<p><strong>Formate f\u00fcr Jugendliche:<\/strong> Workshops, Inputs und Gespr\u00e4chsformate zu Social Media, digitaler Intimit\u00e4t, Identit\u00e4t, KI und junger Literatur \u2013 zug\u00e4nglich, empowernd und realit\u00e4tsnah.<\/p>\n<p>&#8211;<\/p>\n<p>Alle Anfragen an josia@jourdan.ch<\/p>\n<hr>\n","protected":false},"excerpt":{"rendered":"<p>Ich arbeite mit einem klaren Anspruch: Literatur, digitale Kultur und gesellschaftliche Fragen so zu vermitteln, dass sie sp\u00fcrbar, zug\u00e4nglich und nachhaltig wirksam werden. Meine Formate verbinden professionelle Moderation, kuratorische Qualit\u00e4t und ein tiefes Verst\u00e4ndnis f\u00fcr aktuelle Diskurse. Wirkungsfelder Literaturveranstaltungen: Von klassischen Buchclub-Abenden mit kuratierten Literaturempfehlungen bis hin zu professionellen Moderationen von Buchvernissagen und Lesungen. Bildung [&hellip;]<\/p>\n","protected":false},"author":3,"featured_media":0,"parent":0,"menu_order":0,"comment_status":"closed","ping_status":"closed","template":"","meta":{"jetpack_post_was_ever_published":false,"footnotes":""},"class_list":["post-6916","page","type-page","status-publish","hentry"],"yoast_head":"<!-- This site is optimized with the Yoast SEO plugin v16.3 - https:\/\/yoast.com\/wordpress\/plugins\/seo\/ -->\n<title>Speaker &amp; Events | Josia Jourdan<\/title>\n<meta name=\"robots\" content=\"index, follow, max-snippet:-1, max-image-preview:large, max-video-preview:-1\" \/>\n<link rel=\"canonical\" href=\"https:\/\/www.josiajourdan.ch\/wordpress\/speaker\/\" \/>\n<meta property=\"og:locale\" content=\"de_DE\" \/>\n<meta property=\"og:type\" content=\"article\" \/>\n<meta property=\"og:title\" content=\"Speaker &amp; Events | Josia Jourdan\" \/>\n<meta property=\"og:description\" content=\"Ich arbeite mit einem klaren Anspruch: Literatur, digitale Kultur und gesellschaftliche Fragen so zu vermitteln, dass sie sp\u00fcrbar, zug\u00e4nglich und nachhaltig wirksam werden. Meine Formate verbinden professionelle Moderation, kuratorische Qualit\u00e4t und ein tiefes Verst\u00e4ndnis f\u00fcr aktuelle Diskurse. Wirkungsfelder Literaturveranstaltungen: Von klassischen Buchclub-Abenden mit kuratierten Literaturempfehlungen bis hin zu professionellen Moderationen von Buchvernissagen und Lesungen. Bildung [&hellip;]\" \/>\n<meta property=\"og:url\" content=\"https:\/\/www.josiajourdan.ch\/wordpress\/speaker\/\" \/>\n<meta property=\"og:site_name\" content=\"Josia Jourdan\" \/>\n<meta property=\"article:modified_time\" content=\"2026-02-14T20:33:46+00:00\" \/>\n<meta name=\"twitter:card\" content=\"summary_large_image\" \/>\n<meta name=\"twitter:label1\" content=\"Gesch\u00e4tzte Lesezeit\">\n\t<meta name=\"twitter:data1\" content=\"1\u00a0Minute\">\n<script type=\"application\/ld+json\" class=\"yoast-schema-graph\">{\"@context\":\"https:\/\/schema.org\",\"@graph\":[{\"@type\":[\"Person\",\"Organization\"],\"@id\":\"https:\/\/www.josiajourdan.ch\/wordpress\/#\/schema\/person\/8f666fd3f7eec59fa85f7bedd2438c9d\",\"name\":\"Josia Jourdan\",\"image\":{\"@type\":\"ImageObject\",\"@id\":\"https:\/\/www.josiajourdan.ch\/wordpress\/#personlogo\",\"inLanguage\":\"de\",\"url\":\"https:\/\/secure.gravatar.com\/avatar\/e9ef50b71693368627e1fa033d9759c3?s=96&d=mm&r=g\",\"contentUrl\":\"https:\/\/secure.gravatar.com\/avatar\/e9ef50b71693368627e1fa033d9759c3?s=96&d=mm&r=g\",\"caption\":\"Josia Jourdan\"},\"logo\":{\"@id\":\"https:\/\/www.josiajourdan.ch\/wordpress\/#personlogo\"},\"description\":\"Auf meinem Blog findet ihr Buch- und Kulturtipps. Ich teile meine Leidenschaft f\\u00fcr B\\u00fccher. Ansonsten arbeite ich als Content Creator und Journalist. Mehr zu meiner Arbeit erfahrt ihr auf Instagram @josiajourdan oder in meinem Podcast \\\"Anyways it's a vibe\\\".\",\"sameAs\":[\"http:\/\/josiajourdan.ch\"]},{\"@type\":\"WebSite\",\"@id\":\"https:\/\/www.josiajourdan.ch\/wordpress\/#website\",\"url\":\"https:\/\/www.josiajourdan.ch\/wordpress\/\",\"name\":\"josiajourdan.ch\",\"description\":\"Autor, Speaker und Journalist\",\"publisher\":{\"@id\":\"https:\/\/www.josiajourdan.ch\/wordpress\/#\/schema\/person\/8f666fd3f7eec59fa85f7bedd2438c9d\"},\"potentialAction\":[{\"@type\":\"SearchAction\",\"target\":\"https:\/\/www.josiajourdan.ch\/wordpress\/?s={search_term_string}\",\"query-input\":\"required name=search_term_string\"}],\"inLanguage\":\"de\"},{\"@type\":\"WebPage\",\"@id\":\"https:\/\/www.josiajourdan.ch\/wordpress\/speaker\/#webpage\",\"url\":\"https:\/\/www.josiajourdan.ch\/wordpress\/speaker\/\",\"name\":\"Speaker & Events | Josia Jourdan\",\"isPartOf\":{\"@id\":\"https:\/\/www.josiajourdan.ch\/wordpress\/#website\"},\"datePublished\":\"2024-05-23T13:31:57+00:00\",\"dateModified\":\"2026-02-14T20:33:46+00:00\",\"breadcrumb\":{\"@id\":\"https:\/\/www.josiajourdan.ch\/wordpress\/speaker\/#breadcrumb\"},\"inLanguage\":\"de\",\"potentialAction\":[{\"@type\":\"ReadAction\",\"target\":[\"https:\/\/www.josiajourdan.ch\/wordpress\/speaker\/\"]}]},{\"@type\":\"BreadcrumbList\",\"@id\":\"https:\/\/www.josiajourdan.ch\/wordpress\/speaker\/#breadcrumb\",\"itemListElement\":[{\"@type\":\"ListItem\",\"position\":1,\"item\":{\"@type\":\"WebPage\",\"@id\":\"https:\/\/www.josiajourdan.ch\/wordpress\/\",\"url\":\"https:\/\/www.josiajourdan.ch\/wordpress\/\",\"name\":\"Startseite\"}},{\"@type\":\"ListItem\",\"position\":2,\"item\":{\"@id\":\"https:\/\/www.josiajourdan.ch\/wordpress\/speaker\/#webpage\"}}]}]}<\/script>\n<!-- \/ Yoast SEO plugin. -->","jetpack_sharing_enabled":true,"jetpack_shortlink":"https:\/\/wp.me\/P8eAsU-1Ny","_links":{"self":[{"href":"https:\/\/www.josiajourdan.ch\/wordpress\/wp-json\/wp\/v2\/pages\/6916"}],"collection":[{"href":"https:\/\/www.josiajourdan.ch\/wordpress\/wp-json\/wp\/v2\/pages"}],"about":[{"href":"https:\/\/www.josiajourdan.ch\/wordpress\/wp-json\/wp\/v2\/types\/page"}],"author":[{"embeddable":true,"href":"https:\/\/www.josiajourdan.ch\/wordpress\/wp-json\/wp\/v2\/users\/3"}],"replies":[{"embeddable":true,"href":"https:\/\/www.josiajourdan.ch\/wordpress\/wp-json\/wp\/v2\/comments?post=6916"}],"version-history":[{"count":25,"href":"https:\/\/www.josiajourdan.ch\/wordpress\/wp-json\/wp\/v2\/pages\/6916\/revisions"}],"predecessor-version":[{"id":7489,"href":"https:\/\/www.josiajourdan.ch\/wordpress\/wp-json\/wp\/v2\/pages\/6916\/revisions\/7489"}],"wp:attachment":[{"href":"https:\/\/www.josiajourdan.ch\/wordpress\/wp-json\/wp\/v2\/media?parent=6916"}],"curies":[{"name":"wp","href":"https:\/\/api.w.org\/{rel}","templated":true}]}}