{"id":6595,"date":"2023-04-06T15:36:33","date_gmt":"2023-04-06T13:36:33","guid":{"rendered":"https:\/\/www.josiajourdan.ch\/wordpress\/?page_id=6595"},"modified":"2025-12-12T17:29:12","modified_gmt":"2025-12-12T16:29:12","slug":"start","status":"publish","type":"page","link":"https:\/\/www.josiajourdan.ch\/wordpress\/","title":{"rendered":"Josia Jourdan"},"content":{"rendered":"\t\t<div data-elementor-type=\"wp-page\" data-elementor-id=\"6595\" class=\"elementor elementor-6595\">\n\t\t\t\t<div class=\"elementor-element elementor-element-12bbdc8 e-flex e-con-boxed wpr-particle-no wpr-jarallax-no wpr-parallax-no e-con e-parent\" data-id=\"12bbdc8\" data-element_type=\"container\" data-settings=\"{&quot;content_width&quot;:&quot;boxed&quot;}\" data-core-v316-plus=\"true\">\n\t\t\t\t\t<div class=\"e-con-inner\">\n\t\t\t\t<div class=\"elementor-element elementor-element-9e5f1cd elementor-widget elementor-widget-heading\" data-id=\"9e5f1cd\" data-element_type=\"widget\" data-widget_type=\"heading.default\">\n\t\t\t\t<div class=\"elementor-widget-container\">\n\t\t\t<style>\/*! elementor - v3.19.0 - 07-02-2024 *\/\n.elementor-heading-title{padding:0;margin:0;line-height:1}.elementor-widget-heading .elementor-heading-title[class*=elementor-size-]>a{color:inherit;font-size:inherit;line-height:inherit}.elementor-widget-heading .elementor-heading-title.elementor-size-small{font-size:15px}.elementor-widget-heading .elementor-heading-title.elementor-size-medium{font-size:19px}.elementor-widget-heading .elementor-heading-title.elementor-size-large{font-size:29px}.elementor-widget-heading .elementor-heading-title.elementor-size-xl{font-size:39px}.elementor-widget-heading .elementor-heading-title.elementor-size-xxl{font-size:59px}<\/style><h2 class=\"elementor-heading-title elementor-size-default\">Josia Jourdan<\/h2>\t\t<\/div>\n\t\t\t\t<\/div>\n\t\t\t\t\t<\/div>\n\t\t\t\t<\/div>\n\t\t<div class=\"elementor-element elementor-element-9465c92 e-flex e-con-boxed wpr-particle-no wpr-jarallax-no wpr-parallax-no e-con e-parent\" data-id=\"9465c92\" data-element_type=\"container\" data-settings=\"{&quot;content_width&quot;:&quot;boxed&quot;}\" data-core-v316-plus=\"true\">\n\t\t\t\t\t<div class=\"e-con-inner\">\n\t\t\t\t<div class=\"elementor-element elementor-element-447dcf1 elementor-widget elementor-widget-text-editor\" data-id=\"447dcf1\" data-element_type=\"widget\" data-widget_type=\"text-editor.default\">\n\t\t\t\t<div class=\"elementor-widget-container\">\n\t\t\t<style>\/*! elementor - v3.19.0 - 07-02-2024 *\/\n.elementor-widget-text-editor.elementor-drop-cap-view-stacked .elementor-drop-cap{background-color:#69727d;color:#fff}.elementor-widget-text-editor.elementor-drop-cap-view-framed .elementor-drop-cap{color:#69727d;border:3px solid;background-color:transparent}.elementor-widget-text-editor:not(.elementor-drop-cap-view-default) .elementor-drop-cap{margin-top:8px}.elementor-widget-text-editor:not(.elementor-drop-cap-view-default) .elementor-drop-cap-letter{width:1em;height:1em}.elementor-widget-text-editor .elementor-drop-cap{float:left;text-align:center;line-height:1;font-size:50px}.elementor-widget-text-editor .elementor-drop-cap-letter{display:inline-block}<\/style>\t\t\t\t<h6 style=\"text-align: center;\">Autor, Speaker, Kulturvermittler<\/h6><p style=\"text-align: center;\">Texte ua DIE ZEIT, woz, Berliner Zeitung, Tagesspiegel<\/p><p style=\"text-align: center;\">60k+ Follower auf Social Media \/ 2 Mio Aufrufe monatlich<\/p>\t\t\t\t\t\t<\/div>\n\t\t\t\t<\/div>\n\t\t\t\t\t<\/div>\n\t\t\t\t<\/div>\n\t\t<div class=\"elementor-element elementor-element-4e094b2 e-flex e-con-boxed wpr-particle-no wpr-jarallax-no wpr-parallax-no e-con e-parent\" data-id=\"4e094b2\" data-element_type=\"container\" data-settings=\"{&quot;content_width&quot;:&quot;boxed&quot;}\" data-core-v316-plus=\"true\">\n\t\t\t\t\t<div class=\"e-con-inner\">\n\t\t\t\t<div class=\"elementor-element elementor-element-60c4e73 elementor-align-center elementor-widget elementor-widget-button\" data-id=\"60c4e73\" data-element_type=\"widget\" data-widget_type=\"button.default\">\n\t\t\t\t<div class=\"elementor-widget-container\">\n\t\t\t\t\t<div class=\"elementor-button-wrapper\">\n\t\t\t<a class=\"elementor-button elementor-button-link elementor-size-sm\" href=\"mailto:josia@jourdan.ch\">\n\t\t\t\t\t\t<span class=\"elementor-button-content-wrapper\">\n\t\t\t\t\t\t<span class=\"elementor-button-text\">josia@jourdan.ch<\/span>\n\t\t<\/span>\n\t\t\t\t\t<\/a>\n\t\t<\/div>\n\t\t\t\t<\/div>\n\t\t\t\t<\/div>\n\t\t\t\t\t<\/div>\n\t\t\t\t<\/div>\n\t\t<div class=\"elementor-element elementor-element-d7c8f24 e-flex e-con-boxed wpr-particle-no wpr-jarallax-no wpr-parallax-no e-con e-parent\" data-id=\"d7c8f24\" data-element_type=\"container\" data-settings=\"{&quot;content_width&quot;:&quot;boxed&quot;}\" data-core-v316-plus=\"true\">\n\t\t\t\t\t<div class=\"e-con-inner\">\n\t\t\t\t<div class=\"elementor-element elementor-element-1279a73 elementor-widget elementor-widget-text-editor\" data-id=\"1279a73\" data-element_type=\"widget\" data-widget_type=\"text-editor.default\">\n\t\t\t\t<div class=\"elementor-widget-container\">\n\t\t\t\t\t\t\t<h6 style=\"text-align: center;\">Ich spreche \u00fcber digitale Kultur, Intimit\u00e4t und alles, was sich unter der Oberfl\u00e4che abspielt.<\/h6>\t\t\t\t\t\t<\/div>\n\t\t\t\t<\/div>\n\t\t\t\t<div class=\"elementor-element elementor-element-a026e2e elementor-align-center elementor-widget elementor-widget-button\" data-id=\"a026e2e\" data-element_type=\"widget\" data-widget_type=\"button.default\">\n\t\t\t\t<div class=\"elementor-widget-container\">\n\t\t\t\t\t<div class=\"elementor-button-wrapper\">\n\t\t\t<a class=\"elementor-button elementor-button-link elementor-size-sm\" href=\"mailto:josia@jourdan.ch\">\n\t\t\t\t\t\t<span class=\"elementor-button-content-wrapper\">\n\t\t\t\t\t\t<span class=\"elementor-button-text\">Projekte ansehen<\/span>\n\t\t<\/span>\n\t\t\t\t\t<\/a>\n\t\t<\/div>\n\t\t\t\t<\/div>\n\t\t\t\t<\/div>\n\t\t\t\t\t<\/div>\n\t\t\t\t<\/div>\n\t\t<div class=\"elementor-element elementor-element-6747ef4 e-flex e-con-boxed wpr-particle-no wpr-jarallax-no wpr-parallax-no e-con e-parent\" data-id=\"6747ef4\" data-element_type=\"container\" data-settings=\"{&quot;content_width&quot;:&quot;boxed&quot;}\" data-core-v316-plus=\"true\">\n\t\t\t\t\t<div class=\"e-con-inner\">\n\t\t\t\t<div class=\"elementor-element elementor-element-9c4b6ee elementor-widget elementor-widget-image\" data-id=\"9c4b6ee\" data-element_type=\"widget\" data-widget_type=\"image.default\">\n\t\t\t\t<div class=\"elementor-widget-container\">\n\t\t\t<style>\/*! elementor - v3.19.0 - 07-02-2024 *\/\n.elementor-widget-image{text-align:center}.elementor-widget-image a{display:inline-block}.elementor-widget-image a img[src$=\".svg\"]{width:48px}.elementor-widget-image img{vertical-align:middle;display:inline-block}<\/style>\t\t\t\t\t\t\t\t\t\t<img decoding=\"async\" src=\"https:\/\/i0.wp.com\/www.josiajourdan.ch\/wordpress\/wp-content\/uploads\/elementor\/thumbs\/img_5184-rfddynwnepzu1v92x5af502kll1bplic096iw2jm4g.jpg?w=1170&#038;ssl=1\" title=\"Josia Jourdan 2025\" alt=\"Josia Jourdan 2025\" loading=\"lazy\" data-recalc-dims=\"1\" \/>\t\t\t\t\t\t\t\t\t\t\t\t\t<\/div>\n\t\t\t\t<\/div>\n\t\t\t\t\t<\/div>\n\t\t\t\t<\/div>\n\t\t<div class=\"elementor-element elementor-element-cbba758 e-flex e-con-boxed wpr-particle-no wpr-jarallax-no wpr-parallax-no e-con e-parent\" data-id=\"cbba758\" data-element_type=\"container\" data-settings=\"{&quot;content_width&quot;:&quot;boxed&quot;}\" data-core-v316-plus=\"true\">\n\t\t\t\t\t<div class=\"e-con-inner\">\n\t\t\t\t<div class=\"elementor-element elementor-element-ffcd3c2 elementor-widget elementor-widget-text-editor\" data-id=\"ffcd3c2\" data-element_type=\"widget\" data-widget_type=\"text-editor.default\">\n\t\t\t\t<div class=\"elementor-widget-container\">\n\t\t\t\t\t\t\t<p style=\"text-align: center;\">Ich arbeite an der Schnittstelle von Kultur, Social Media und Lesef\u00f6rderung. Mit 10 Jahren+ Erfahrung auf Social Media verstehe ich, was es braucht heutzutage Kultur zu vermitteln. Als Autor, Moderator und Speaker entwickle ich Formate, erz\u00e4hle Geschichten und lade zur Reflexion ein.<\/p><p style=\"text-align: center;\">Mein Essayband Fehlfunktion ist in Zusammenarbeit mit einer KI entstanden und verhandelt das Menschsein in einer digitalisierten Welt.<\/p>\t\t\t\t\t\t<\/div>\n\t\t\t\t<\/div>\n\t\t\t\t<div class=\"elementor-element elementor-element-19f04ce elementor-align-center elementor-widget elementor-widget-button\" data-id=\"19f04ce\" data-element_type=\"widget\" data-widget_type=\"button.default\">\n\t\t\t\t<div class=\"elementor-widget-container\">\n\t\t\t\t\t<div class=\"elementor-button-wrapper\">\n\t\t\t<a class=\"elementor-button elementor-button-link elementor-size-sm\" href=\"mailto:josia@jourdan.ch\">\n\t\t\t\t\t\t<span class=\"elementor-button-content-wrapper\">\n\t\t\t\t\t\t<span class=\"elementor-button-text\">F\u00fcr Projekte anfragen<\/span>\n\t\t<\/span>\n\t\t\t\t\t<\/a>\n\t\t<\/div>\n\t\t\t\t<\/div>\n\t\t\t\t<\/div>\n\t\t\t\t\t<\/div>\n\t\t\t\t<\/div>\n\t\t<div class=\"elementor-element elementor-element-15efd3f e-flex e-con-boxed wpr-particle-no wpr-jarallax-no wpr-parallax-no e-con e-parent\" data-id=\"15efd3f\" data-element_type=\"container\" data-settings=\"{&quot;content_width&quot;:&quot;boxed&quot;}\" data-core-v316-plus=\"true\">\n\t\t\t\t\t<div class=\"e-con-inner\">\n\t\t\t\t<div class=\"elementor-element elementor-element-fcadae0 elementor-widget elementor-widget-heading\" data-id=\"fcadae0\" data-element_type=\"widget\" data-widget_type=\"heading.default\">\n\t\t\t\t<div class=\"elementor-widget-container\">\n\t\t\t<h2 class=\"elementor-heading-title elementor-size-default\">Services<\/h2>\t\t<\/div>\n\t\t\t\t<\/div>\n\t\t\t\t<div class=\"elementor-element elementor-element-8922f4a elementor-widget elementor-widget-text-editor\" data-id=\"8922f4a\" data-element_type=\"widget\" data-widget_type=\"text-editor.default\">\n\t\t\t\t<div class=\"elementor-widget-container\">\n\t\t\t\t\t\t\t<p style=\"text-align: center;\"><strong>Moderation<\/strong> &#8211; ich moderiere Gespr\u00e4che, die zug\u00e4nglich sind und echten Merhwert liefern<\/p><p style=\"text-align: center;\"><strong>Speaker &amp; Workshops<\/strong> &#8211; ob f\u00fcr Universit\u00e4ten, die Buchbranche oder Weiterbildungen &#8211; ich liefere Inputs, die in Erinnerung bleiben<\/p><p style=\"text-align: center;\"><strong>Textarbeit<\/strong> &#8211; Essays, Corporate Publishing und Creative Concepting<\/p><p style=\"text-align: center;\"><strong>Social Media<\/strong> &#8211; Keine Influencer Werbung. Eine Stimme mit Haltung f\u00fcr Marken &amp; Kampagnen<\/p><p style=\"text-align: center;\">\u00a0<\/p>\t\t\t\t\t\t<\/div>\n\t\t\t\t<\/div>\n\t\t\t\t<div class=\"elementor-element elementor-element-6f27a2a elementor-widget elementor-widget-heading\" data-id=\"6f27a2a\" data-element_type=\"widget\" data-widget_type=\"heading.default\">\n\t\t\t\t<div class=\"elementor-widget-container\">\n\t\t\t<h2 class=\"elementor-heading-title elementor-size-default\">Aktuelle Projekte<\/h2>\t\t<\/div>\n\t\t\t\t<\/div>\n\t\t\t\t\t<\/div>\n\t\t\t\t<\/div>\n\t\t<div class=\"elementor-element elementor-element-6e84635 e-flex e-con-boxed wpr-particle-no wpr-jarallax-no wpr-parallax-no e-con e-parent\" data-id=\"6e84635\" data-element_type=\"container\" data-settings=\"{&quot;content_width&quot;:&quot;boxed&quot;}\" data-core-v316-plus=\"true\">\n\t\t\t\t\t<div class=\"e-con-inner\">\n\t\t\t\t<div class=\"elementor-element elementor-element-71e70d6 elementor-widget elementor-widget-text-editor\" data-id=\"71e70d6\" data-element_type=\"widget\" data-widget_type=\"text-editor.default\">\n\t\t\t\t<div class=\"elementor-widget-container\">\n\t\t\t\t\t\t\t<p style=\"text-align: center;\">Fehlfunktion (Buchprojekt im Self Publishing)<\/p><p style=\"text-align: center;\">Solothurner Literaturtage Social Media Strategie<\/p><p style=\"text-align: center;\">BuchMarkt Kolumne<\/p><p style=\"text-align: center;\">LoveLife Kampagne von BAG<\/p><p style=\"text-align: center;\">Texte als freier Journalist<\/p>\t\t\t\t\t\t<\/div>\n\t\t\t\t<\/div>\n\t\t\t\t\t<\/div>\n\t\t\t\t<\/div>\n\t\t<div class=\"elementor-element elementor-element-b94d8ed e-flex e-con-boxed wpr-particle-no wpr-jarallax-no wpr-parallax-no e-con e-parent\" data-id=\"b94d8ed\" data-element_type=\"container\" data-settings=\"{&quot;content_width&quot;:&quot;boxed&quot;}\" data-core-v316-plus=\"true\">\n\t\t\t\t\t<div class=\"e-con-inner\">\n\t\t\t\t<div class=\"elementor-element elementor-element-354de0a elementor-widget elementor-widget-heading\" data-id=\"354de0a\" data-element_type=\"widget\" data-widget_type=\"heading.default\">\n\t\t\t\t<div class=\"elementor-widget-container\">\n\t\t\t<h2 class=\"elementor-heading-title elementor-size-default\">Referenzen &amp; Medienauftritte (Auswahl)<\/h2>\t\t<\/div>\n\t\t\t\t<\/div>\n\t\t\t\t<div class=\"elementor-element elementor-element-16b18fe elementor-widget elementor-widget-text-editor\" data-id=\"16b18fe\" data-element_type=\"widget\" data-widget_type=\"text-editor.default\">\n\t\t\t\t<div class=\"elementor-widget-container\">\n\t\t\t\t\t\t\t<p style=\"text-align: center;\">BookTok Experte f\u00fcr <a href=\"https:\/\/www.srf.ch\/news\/wirtschaft\/tiktok-phaenomen-booktok-mischt-den-buechermarkt-auf\">SRF<\/a>, <a href=\"https:\/\/www.woz.ch\/2304\/auf-allen-kanaelen\/und-sie-lesen-doch\/!9SMQBTYDRK52\">woz<\/a>, <a href=\"https:\/\/www.nau.ch\/news\/schweiz\/digitales-phanomen-booktok-mischt-analogen-literaturbetrieb-auf-66889813\">SDA<\/a>, <a href=\"https:\/\/buchmarkt.de\/josia-jourdan-selfpublishing\/\">BuchMarkt<\/a>, <a href=\"https:\/\/www.spiegel.de\/kultur\/literatur\/lesen-statt-prokrastination-wie-man-endlich-anfaengt-und-ob-buchclubs-und-tiktok-helfen-a-a1632e77-1714-4013-ac73-470613e7b4e9\">Spiegel Online<\/a>, <a href=\"https:\/\/www1.wdr.de\/mediathek\/audio\/1live\/f__k-forward\/audio-kann-die-ki-eine-menschliche-beziehung-ersetzen-100.html\">1live<\/a>, <a href=\"https:\/\/www.handelszeitung.ch\/unternehmen\/bucher-werden-jetzt-doppelt-gekauft-das-steckt-dahinter-624373\">Handelszeitung,<\/a><\/p><p style=\"text-align: center;\">ZDF Aspekte, 3sat, Kulturzeit<\/p><p style=\"text-align: center;\">Content Creator f\u00fcr Zalando, Ikea, Diogenes, ex libris, Coop<\/p><p style=\"text-align: center;\">Veranstaltungen &amp; Moderation f\u00fcr Solothurner Literaturtage, BuchBasel, Aargauer Literaturhaus, Kaufleuten Z\u00fcrich, Orell F\u00fcssli<\/p>\t\t\t\t\t\t<\/div>\n\t\t\t\t<\/div>\n\t\t\t\t<div class=\"elementor-element elementor-element-bd33029 elementor-widget elementor-widget-heading\" data-id=\"bd33029\" data-element_type=\"widget\" data-widget_type=\"heading.default\">\n\t\t\t\t<div class=\"elementor-widget-container\">\n\t\t\t<h2 class=\"elementor-heading-title elementor-size-default\">Lass uns \u00fcber dein Projekt sprechen<\/h2>\t\t<\/div>\n\t\t\t\t<\/div>\n\t\t\t\t<div class=\"elementor-element elementor-element-0c4fb80 elementor-widget elementor-widget-text-editor\" data-id=\"0c4fb80\" data-element_type=\"widget\" data-widget_type=\"text-editor.default\">\n\t\t\t\t<div class=\"elementor-widget-container\">\n\t\t\t\t\t\t\t<p style=\"text-align: center;\">Ich bin buchbar als Speaker, f\u00fcr Moderation, Workshops, kreative Konzepte, Social Media und nat\u00fcrlich Textarbeit<\/p>\t\t\t\t\t\t<\/div>\n\t\t\t\t<\/div>\n\t\t\t\t<div class=\"elementor-element elementor-element-6cacc67 elementor-align-center elementor-widget elementor-widget-button\" data-id=\"6cacc67\" data-element_type=\"widget\" data-widget_type=\"button.default\">\n\t\t\t\t<div class=\"elementor-widget-container\">\n\t\t\t\t\t<div class=\"elementor-button-wrapper\">\n\t\t\t<a class=\"elementor-button elementor-button-link elementor-size-sm\" href=\"mailto:josia@jourdan.ch\">\n\t\t\t\t\t\t<span class=\"elementor-button-content-wrapper\">\n\t\t\t\t\t\t<span class=\"elementor-button-text\">Anfrage senden<\/span>\n\t\t<\/span>\n\t\t\t\t\t<\/a>\n\t\t<\/div>\n\t\t\t\t<\/div>\n\t\t\t\t<\/div>\n\t\t\t\t\t<\/div>\n\t\t\t\t<\/div>\n\t\t\t\t<\/div>\n\t\t","protected":false},"excerpt":{"rendered":"<p>Josia Jourdan Autor, Speaker, Kulturvermittler Texte ua DIE ZEIT, woz, Berliner Zeitung, Tagesspiegel 60k+ Follower auf Social Media \/ 2 Mio Aufrufe monatlich josia@jourdan.ch Ich spreche \u00fcber digitale Kultur, Intimit\u00e4t und alles, was sich unter der Oberfl\u00e4che abspielt. Projekte ansehen Ich arbeite an der Schnittstelle von Kultur, Social Media und Lesef\u00f6rderung. Mit 10 Jahren+ Erfahrung [&hellip;]<\/p>\n","protected":false},"author":3,"featured_media":0,"parent":0,"menu_order":0,"comment_status":"closed","ping_status":"closed","template":"","meta":{"jetpack_post_was_ever_published":false,"footnotes":""},"class_list":["post-6595","page","type-page","status-publish","hentry"],"yoast_head":"<!-- This site is optimized with the Yoast SEO plugin v16.3 - https:\/\/yoast.com\/wordpress\/plugins\/seo\/ -->\n<title>Josia Jourdan | Josia Jourdan<\/title>\n<meta name=\"robots\" content=\"index, follow, max-snippet:-1, max-image-preview:large, max-video-preview:-1\" \/>\n<link rel=\"canonical\" href=\"https:\/\/www.josiajourdan.ch\/wordpress\/\" \/>\n<meta property=\"og:locale\" content=\"de_DE\" \/>\n<meta property=\"og:type\" content=\"article\" \/>\n<meta property=\"og:title\" content=\"Josia Jourdan | Josia Jourdan\" \/>\n<meta property=\"og:description\" content=\"Josia Jourdan Autor, Speaker, Kulturvermittler Texte ua DIE ZEIT, woz, Berliner Zeitung, Tagesspiegel 60k+ Follower auf Social Media \/ 2 Mio Aufrufe monatlich josia@jourdan.ch Ich spreche \u00fcber digitale Kultur, Intimit\u00e4t und alles, was sich unter der Oberfl\u00e4che abspielt. Projekte ansehen Ich arbeite an der Schnittstelle von Kultur, Social Media und Lesef\u00f6rderung. Mit 10 Jahren+ Erfahrung [&hellip;]\" \/>\n<meta property=\"og:url\" content=\"https:\/\/www.josiajourdan.ch\/wordpress\/\" \/>\n<meta property=\"og:site_name\" content=\"Josia Jourdan\" \/>\n<meta property=\"article:modified_time\" content=\"2025-12-12T16:29:12+00:00\" \/>\n<meta property=\"og:image\" content=\"https:\/\/www.josiajourdan.ch\/wordpress\/wp-content\/uploads\/elementor\/thumbs\/img_5184-rfddynwnepzu1v92x5af502kll1bplic096iw2jm4g.jpg\" \/>\n<meta name=\"twitter:card\" content=\"summary_large_image\" \/>\n<meta name=\"twitter:label1\" content=\"Gesch\u00e4tzte Lesezeit\">\n\t<meta name=\"twitter:data1\" content=\"2\u00a0Minuten\">\n<script type=\"application\/ld+json\" class=\"yoast-schema-graph\">{\"@context\":\"https:\/\/schema.org\",\"@graph\":[{\"@type\":[\"Person\",\"Organization\"],\"@id\":\"https:\/\/www.josiajourdan.ch\/wordpress\/#\/schema\/person\/8f666fd3f7eec59fa85f7bedd2438c9d\",\"name\":\"Josia Jourdan\",\"image\":{\"@type\":\"ImageObject\",\"@id\":\"https:\/\/www.josiajourdan.ch\/wordpress\/#personlogo\",\"inLanguage\":\"de\",\"url\":\"https:\/\/secure.gravatar.com\/avatar\/e9ef50b71693368627e1fa033d9759c3?s=96&d=mm&r=g\",\"contentUrl\":\"https:\/\/secure.gravatar.com\/avatar\/e9ef50b71693368627e1fa033d9759c3?s=96&d=mm&r=g\",\"caption\":\"Josia Jourdan\"},\"logo\":{\"@id\":\"https:\/\/www.josiajourdan.ch\/wordpress\/#personlogo\"},\"description\":\"Auf meinem Blog findet ihr Buch- und Kulturtipps. Ich teile meine Leidenschaft f\\u00fcr B\\u00fccher. Ansonsten arbeite ich als Content Creator und Journalist. Mehr zu meiner Arbeit erfahrt ihr auf Instagram @josiajourdan oder in meinem Podcast \\\"Anyways it's a vibe\\\".\",\"sameAs\":[\"http:\/\/josiajourdan.ch\"]},{\"@type\":\"WebSite\",\"@id\":\"https:\/\/www.josiajourdan.ch\/wordpress\/#website\",\"url\":\"https:\/\/www.josiajourdan.ch\/wordpress\/\",\"name\":\"josiajourdan.ch\",\"description\":\"Autor, Speaker und Journalist\",\"publisher\":{\"@id\":\"https:\/\/www.josiajourdan.ch\/wordpress\/#\/schema\/person\/8f666fd3f7eec59fa85f7bedd2438c9d\"},\"potentialAction\":[{\"@type\":\"SearchAction\",\"target\":\"https:\/\/www.josiajourdan.ch\/wordpress\/?s={search_term_string}\",\"query-input\":\"required name=search_term_string\"}],\"inLanguage\":\"de\"},{\"@type\":\"ImageObject\",\"@id\":\"https:\/\/www.josiajourdan.ch\/wordpress\/#primaryimage\",\"inLanguage\":\"de\",\"url\":\"https:\/\/www.josiajourdan.ch\/wordpress\/wp-content\/uploads\/elementor\/thumbs\/img_5184-rfddynwnepzu1v92x5af502kll1bplic096iw2jm4g.jpg\",\"contentUrl\":\"https:\/\/www.josiajourdan.ch\/wordpress\/wp-content\/uploads\/elementor\/thumbs\/img_5184-rfddynwnepzu1v92x5af502kll1bplic096iw2jm4g.jpg\"},{\"@type\":\"WebPage\",\"@id\":\"https:\/\/www.josiajourdan.ch\/wordpress\/#webpage\",\"url\":\"https:\/\/www.josiajourdan.ch\/wordpress\/\",\"name\":\"Josia Jourdan | Josia Jourdan\",\"isPartOf\":{\"@id\":\"https:\/\/www.josiajourdan.ch\/wordpress\/#website\"},\"primaryImageOfPage\":{\"@id\":\"https:\/\/www.josiajourdan.ch\/wordpress\/#primaryimage\"},\"datePublished\":\"2023-04-06T13:36:33+00:00\",\"dateModified\":\"2025-12-12T16:29:12+00:00\",\"breadcrumb\":{\"@id\":\"https:\/\/www.josiajourdan.ch\/wordpress\/#breadcrumb\"},\"inLanguage\":\"de\",\"potentialAction\":[{\"@type\":\"ReadAction\",\"target\":[\"https:\/\/www.josiajourdan.ch\/wordpress\/\"]}]},{\"@type\":\"BreadcrumbList\",\"@id\":\"https:\/\/www.josiajourdan.ch\/wordpress\/#breadcrumb\",\"itemListElement\":[{\"@type\":\"ListItem\",\"position\":1,\"item\":{\"@type\":\"WebPage\",\"@id\":\"https:\/\/www.josiajourdan.ch\/wordpress\/\",\"url\":\"https:\/\/www.josiajourdan.ch\/wordpress\/\",\"name\":\"Startseite\"}},{\"@type\":\"ListItem\",\"position\":2,\"item\":{\"@id\":\"https:\/\/www.josiajourdan.ch\/wordpress\/#webpage\"}}]}]}<\/script>\n<!-- \/ Yoast SEO plugin. -->","jetpack_sharing_enabled":true,"jetpack_shortlink":"https:\/\/wp.me\/P8eAsU-1In","_links":{"self":[{"href":"https:\/\/www.josiajourdan.ch\/wordpress\/wp-json\/wp\/v2\/pages\/6595"}],"collection":[{"href":"https:\/\/www.josiajourdan.ch\/wordpress\/wp-json\/wp\/v2\/pages"}],"about":[{"href":"https:\/\/www.josiajourdan.ch\/wordpress\/wp-json\/wp\/v2\/types\/page"}],"author":[{"embeddable":true,"href":"https:\/\/www.josiajourdan.ch\/wordpress\/wp-json\/wp\/v2\/users\/3"}],"replies":[{"embeddable":true,"href":"https:\/\/www.josiajourdan.ch\/wordpress\/wp-json\/wp\/v2\/comments?post=6595"}],"version-history":[{"count":91,"href":"https:\/\/www.josiajourdan.ch\/wordpress\/wp-json\/wp\/v2\/pages\/6595\/revisions"}],"predecessor-version":[{"id":7318,"href":"https:\/\/www.josiajourdan.ch\/wordpress\/wp-json\/wp\/v2\/pages\/6595\/revisions\/7318"}],"wp:attachment":[{"href":"https:\/\/www.josiajourdan.ch\/wordpress\/wp-json\/wp\/v2\/media?parent=6595"}],"curies":[{"name":"wp","href":"https:\/\/api.w.org\/{rel}","templated":true}]}}