{"id":3873,"date":"2019-01-02T16:49:38","date_gmt":"2019-01-02T15:49:38","guid":{"rendered":"http:\/\/www.josiajourdan.ch\/wordpress\/?page_id=3873"},"modified":"2024-05-23T18:45:27","modified_gmt":"2024-05-23T16:45:27","slug":"veranstaltungen","status":"publish","type":"page","link":"https:\/\/www.josiajourdan.ch\/wordpress\/veranstaltungen\/","title":{"rendered":"Old Booktok Workshops"},"content":{"rendered":"<p><strong>BookTok Workshop<\/strong><\/p>\r\n<p><a href=\"https:\/\/www.josiajourdan.ch\/wordpress\/was-ist-booktok-workshop\/\">Was ist BookTok<\/a>? Wie kann TikTok genutzt werden, um die junge Zielgruppe zu erreichen? In meinem BookTok Workshop stelle ich die Plattform vor, gebe Insights und zeige spannende Best-Case-Szenarien. Dazu biete ich individuell zugeschnitten einen Praxisteil an. Denn BookTok ist f\u00fcr die Bestseller von morgen verantwortlich. Ich zeige, wie Sie auf den Erfolgszug mit aufspringen k\u00f6nnen. Egal, ob als Verlag f\u00fcr Ihr Marketing oder als Buchhandlung und Bibliothek, um neue Kundschaft zu erreichen. Die Kurse finden prinzipiell in Persona statt. Auf Anfrage auch virtuell m\u00f6glich.<\/p>\r\n<p><a href=\"https:\/\/i0.wp.com\/www.josiajourdan.ch\/wordpress\/wp-content\/uploads\/2023\/07\/IMG_4882-scaled-e1688567216479.jpg?ssl=1\"><img fetchpriority=\"high\" decoding=\"async\" data-attachment-id=\"6667\" data-permalink=\"https:\/\/www.josiajourdan.ch\/wordpress\/veranstaltungen\/img_4882\/\" data-orig-file=\"https:\/\/i0.wp.com\/www.josiajourdan.ch\/wordpress\/wp-content\/uploads\/2023\/07\/IMG_4882-scaled-e1688567216479.jpg?fit=1920%2C1171&amp;ssl=1\" data-orig-size=\"1920,1171\" data-comments-opened=\"1\" data-image-meta=\"{&quot;aperture&quot;:&quot;2.2&quot;,&quot;credit&quot;:&quot;&quot;,&quot;camera&quot;:&quot;iPhone 12&quot;,&quot;caption&quot;:&quot;&quot;,&quot;created_timestamp&quot;:&quot;1681046421&quot;,&quot;copyright&quot;:&quot;&quot;,&quot;focal_length&quot;:&quot;2.71&quot;,&quot;iso&quot;:&quot;25&quot;,&quot;shutter_speed&quot;:&quot;0.0060606060606061&quot;,&quot;title&quot;:&quot;&quot;,&quot;orientation&quot;:&quot;1&quot;}\" data-image-title=\"IMG_4882\" data-image-description=\"\" data-image-caption=\"\" data-medium-file=\"https:\/\/i0.wp.com\/www.josiajourdan.ch\/wordpress\/wp-content\/uploads\/2023\/07\/IMG_4882-scaled-e1688567216479.jpg?fit=300%2C183&amp;ssl=1\" data-large-file=\"https:\/\/i0.wp.com\/www.josiajourdan.ch\/wordpress\/wp-content\/uploads\/2023\/07\/IMG_4882-scaled-e1688567216479.jpg?fit=1024%2C625&amp;ssl=1\" class=\"size-medium wp-image-6667 aligncenter\" src=\"https:\/\/i0.wp.com\/www.josiajourdan.ch\/wordpress\/wp-content\/uploads\/2023\/07\/IMG_4882-scaled-e1688567216479-300x183.jpg?resize=300%2C183&#038;ssl=1\" alt=\"\" width=\"300\" height=\"183\" srcset=\"https:\/\/i0.wp.com\/www.josiajourdan.ch\/wordpress\/wp-content\/uploads\/2023\/07\/IMG_4882-scaled-e1688567216479.jpg?resize=300%2C183&amp;ssl=1 300w, https:\/\/i0.wp.com\/www.josiajourdan.ch\/wordpress\/wp-content\/uploads\/2023\/07\/IMG_4882-scaled-e1688567216479.jpg?resize=1024%2C625&amp;ssl=1 1024w, https:\/\/i0.wp.com\/www.josiajourdan.ch\/wordpress\/wp-content\/uploads\/2023\/07\/IMG_4882-scaled-e1688567216479.jpg?resize=768%2C468&amp;ssl=1 768w, https:\/\/i0.wp.com\/www.josiajourdan.ch\/wordpress\/wp-content\/uploads\/2023\/07\/IMG_4882-scaled-e1688567216479.jpg?resize=1536%2C937&amp;ssl=1 1536w, https:\/\/i0.wp.com\/www.josiajourdan.ch\/wordpress\/wp-content\/uploads\/2023\/07\/IMG_4882-scaled-e1688567216479.jpg?w=1920&amp;ssl=1 1920w\" sizes=\"(max-width: 300px) 100vw, 300px\" data-recalc-dims=\"1\" \/><\/a><\/p>\r\n<p><strong>Regionales Kursangebot \u00abBooktok f\u00fcr Bibliotheken, Buchhandlungen und die Buchbranche\u00bb:<\/strong><\/p>\r\n<ul>\r\n<li>2. Oktober 2023 &#8211; Pestallozi Bibliothek, Hardau Z\u00fcrich<\/li>\r\n<li>4. Oktober 2023 &#8211; Kantonsbibliothek Solothurn<\/li>\r\n<li>5. Oktober 2023 \u2013 Kornhausbibliothek Bern<\/li>\r\n<\/ul>\r\n<p>Dieser Workshop kann auch individuell gebucht werden.<\/p>\r\n<p><strong>Programm<\/strong><\/p>\r\n<p>Im Ganztages-Kurs gebe ich Einblicke in die Plattform und erkl\u00e4re, wie sie aufgebaut ist. Sie erfahren, wie Sie BookTok nutzen k\u00f6nnen, um Ihr Sortiment anzupassen, selber aktiv zu werden und die Zielgruppe zu verstehen. Dabei lege ich Wert auf hohe Kooperation untereinander und einen regen Austausch. Ich liefere Fakten, Wissen und Praxiserfahrung rund um die Plattform und die Community. Wir erarbeiten im Austausch mit den Teilnehmer*innen L\u00f6sungsans\u00e4tze, die im Arbeitsalltag f\u00fcr Sie umsetzbar sind und nutzen gemeinsames Wissen, damit wir die Schweizer Buchbranche f\u00fcr die Zukunft st\u00e4rken.<\/p>\r\n<ul>\r\n<li>Kurszeiten: 9-16 Uhr, inkl. Mittagspause (individuelle Verpflegung)<\/li>\r\n<li>Kursgr\u00f6sse: Max. 15 Personen pro Kurs limitiert. Melden Sie sich fr\u00fchzeitig an, um sich Ihren Platz zu sichern.<\/li>\r\n<li>Kosten: 150 CHF \/ Person\r\n<ul>\r\n<li>*Bei Verhinderung bis 15 Tage vor Kurstag keine Rechnungsstellung. Anschliessend aus Planungsgr\u00fcnden 50% des Kursbeitrags.<\/li>\r\n<\/ul>\r\n<\/li>\r\n<li>Anmeldung:\u00a0\u00a0\u00a0\u00a0\u00a0\u00a0\u00a0 Mailen Sie einfach Ihren Namen, Adresse und den gew\u00fcnschten Standort an\u00a0<a href=\"mailto:josia@jourdan.ch?subject=Workshop%20Anmeldung\"><strong>josia@jourdan.ch<\/strong><\/a><\/li>\r\n<\/ul>\r\n<p>\u2013<\/p>\r\n<p>Sie m\u00f6chten sich schonmal mit der Thematik vertraut machen? Lesen Sie meinen Blogpost zu dem Thema:\u00a0<a href=\"https:\/\/www.josiajourdan.ch\/wordpress\/was-ist-booktok-workshop\/\">https:\/\/www.josiajourdan.ch\/wordpress\/was-ist-booktok-workshop\/<\/a><\/p>\r\n<p>&nbsp;<\/p>\r\n<hr \/>\r\n<p><strong>LGBTQ+ Workshops und Speaker<\/strong><\/p>\r\n<p>Ich habe auf diversen B\u00fchnen \u00fcber LGBTQ+ Themen und Feminismus geredet und stehe auch f\u00fcr zuk\u00fcnftige Veranstaltungen zur Verf\u00fcgung.<\/p>\r\n<p><strong>BookTok Veranstaltung f\u00fcr Jugendliche \/ Lesef\u00f6rderung<\/strong><\/p>\r\n<p>In einer Veranstaltung wird gemeinsam mit Jugendlichen \u00fcber Social Media gesprochen. BookTok als Community pr\u00e4sentiert und gezeigt, wie das Internet die Welt der B\u00fccher beeinflusst und dass es sogar richtige Buch-Influencer mit rund 200&#8217;000 Followerinnen im deutschsprachigen Raum gibt. Es gibt Buchvorstellungen und die M\u00f6glichkeit eigene Videos zu erstellen, sowie eine Fragerunde.<\/p>\r\n<p>Ebenso besteht die M\u00f6glichkeit die Veranstaltung gemeinsam mit einem*einer Autor*in durchzuf\u00fchren, so dass es zus\u00e4tzlich auch eine Lesung gibt.<\/p>\r\n<p><strong>Moderation<\/strong><\/p>\r\n<p>Ich habe diverse Veranstaltungen aus dem Kulturbereich moderiert. Dabei setze ich auf eine lockere, freigesprochene Art und lasse mich gerne auf vielf\u00e4ltige Themen ein. Egal ob eine Lesung, eine Preisverleihung oder Podiumsdiskussion &#8211; ich stehe gerne auf der B\u00fchne oder vor der Kamera, bewege mich nat\u00fcrlich und verleihe der Veranstaltung einen jungen Look.<\/p>\r\n<p><strong>Interesse an einem der Angebote?<\/strong><\/p>\r\n<p>Melden Sie sich per Mail josia@jourdan.ch bei mir &amp; wir k\u00f6nnen gemeinsam alle Details besprechen. (Datum, Honorar, Vorstellungen, Zeitdauer, Ablauf etc.)<\/p>\r\n\r\n\r\n\r\n<p>Schweizer Kulturjournalist, Schweizer LGBTQ+ Experte, Schweizer LGBTQ+ Aktivist, Schweizer Buchblogger, BookTok-Workshop, Bookstagram-Workshop, BookTube-Workshop<\/p>\r\n","protected":false},"excerpt":{"rendered":"<p>BookTok Workshop Was ist BookTok? Wie kann TikTok genutzt werden, um die junge Zielgruppe zu erreichen? In meinem BookTok Workshop stelle ich die Plattform vor, gebe Insights und zeige spannende Best-Case-Szenarien. Dazu biete ich individuell zugeschnitten einen Praxisteil an. Denn BookTok ist f\u00fcr die Bestseller von morgen verantwortlich. Ich zeige, wie Sie auf den Erfolgszug [&hellip;]<\/p>\n","protected":false},"author":3,"featured_media":0,"parent":0,"menu_order":0,"comment_status":"closed","ping_status":"closed","template":"","meta":{"jetpack_post_was_ever_published":false,"footnotes":""},"class_list":["post-3873","page","type-page","status-publish","hentry"],"yoast_head":"<!-- This site is optimized with the Yoast SEO plugin v16.3 - https:\/\/yoast.com\/wordpress\/plugins\/seo\/ -->\n<title>Old Booktok Workshops | Josia Jourdan<\/title>\n<meta name=\"robots\" content=\"index, follow, max-snippet:-1, max-image-preview:large, max-video-preview:-1\" \/>\n<link rel=\"canonical\" href=\"https:\/\/www.josiajourdan.ch\/wordpress\/veranstaltungen\/\" \/>\n<meta property=\"og:locale\" content=\"de_DE\" \/>\n<meta property=\"og:type\" content=\"article\" \/>\n<meta property=\"og:title\" content=\"Old Booktok Workshops | Josia Jourdan\" \/>\n<meta property=\"og:description\" content=\"BookTok Workshop Was ist BookTok? Wie kann TikTok genutzt werden, um die junge Zielgruppe zu erreichen? In meinem BookTok Workshop stelle ich die Plattform vor, gebe Insights und zeige spannende Best-Case-Szenarien. Dazu biete ich individuell zugeschnitten einen Praxisteil an. Denn BookTok ist f\u00fcr die Bestseller von morgen verantwortlich. Ich zeige, wie Sie auf den Erfolgszug [&hellip;]\" \/>\n<meta property=\"og:url\" content=\"https:\/\/www.josiajourdan.ch\/wordpress\/veranstaltungen\/\" \/>\n<meta property=\"og:site_name\" content=\"Josia Jourdan\" \/>\n<meta property=\"article:modified_time\" content=\"2024-05-23T16:45:27+00:00\" \/>\n<meta property=\"og:image\" content=\"https:\/\/www.josiajourdan.ch\/wordpress\/wp-content\/uploads\/2023\/07\/IMG_4882-scaled-e1688567216479-300x183.jpg\" \/>\n<meta name=\"twitter:card\" content=\"summary_large_image\" \/>\n<meta name=\"twitter:label1\" content=\"Gesch\u00e4tzte Lesezeit\">\n\t<meta name=\"twitter:data1\" content=\"3\u00a0Minuten\">\n<script type=\"application\/ld+json\" class=\"yoast-schema-graph\">{\"@context\":\"https:\/\/schema.org\",\"@graph\":[{\"@type\":[\"Person\",\"Organization\"],\"@id\":\"https:\/\/www.josiajourdan.ch\/wordpress\/#\/schema\/person\/8f666fd3f7eec59fa85f7bedd2438c9d\",\"name\":\"Josia Jourdan\",\"image\":{\"@type\":\"ImageObject\",\"@id\":\"https:\/\/www.josiajourdan.ch\/wordpress\/#personlogo\",\"inLanguage\":\"de\",\"url\":\"https:\/\/secure.gravatar.com\/avatar\/e9ef50b71693368627e1fa033d9759c3?s=96&d=mm&r=g\",\"contentUrl\":\"https:\/\/secure.gravatar.com\/avatar\/e9ef50b71693368627e1fa033d9759c3?s=96&d=mm&r=g\",\"caption\":\"Josia Jourdan\"},\"logo\":{\"@id\":\"https:\/\/www.josiajourdan.ch\/wordpress\/#personlogo\"},\"description\":\"Auf meinem Blog findet ihr Buch- und Kulturtipps. Ich teile meine Leidenschaft f\\u00fcr B\\u00fccher. Ansonsten arbeite ich als Content Creator und Journalist. Mehr zu meiner Arbeit erfahrt ihr auf Instagram @josiajourdan oder in meinem Podcast \\\"Anyways it's a vibe\\\".\",\"sameAs\":[\"http:\/\/josiajourdan.ch\"]},{\"@type\":\"WebSite\",\"@id\":\"https:\/\/www.josiajourdan.ch\/wordpress\/#website\",\"url\":\"https:\/\/www.josiajourdan.ch\/wordpress\/\",\"name\":\"josiajourdan.ch\",\"description\":\"Autor, Speaker und Journalist\",\"publisher\":{\"@id\":\"https:\/\/www.josiajourdan.ch\/wordpress\/#\/schema\/person\/8f666fd3f7eec59fa85f7bedd2438c9d\"},\"potentialAction\":[{\"@type\":\"SearchAction\",\"target\":\"https:\/\/www.josiajourdan.ch\/wordpress\/?s={search_term_string}\",\"query-input\":\"required name=search_term_string\"}],\"inLanguage\":\"de\"},{\"@type\":\"ImageObject\",\"@id\":\"https:\/\/www.josiajourdan.ch\/wordpress\/veranstaltungen\/#primaryimage\",\"inLanguage\":\"de\",\"url\":\"https:\/\/i0.wp.com\/www.josiajourdan.ch\/wordpress\/wp-content\/uploads\/2023\/07\/IMG_4882-scaled-e1688567216479.jpg?fit=1920%2C1171&ssl=1\",\"contentUrl\":\"https:\/\/i0.wp.com\/www.josiajourdan.ch\/wordpress\/wp-content\/uploads\/2023\/07\/IMG_4882-scaled-e1688567216479.jpg?fit=1920%2C1171&ssl=1\",\"width\":1920,\"height\":1171},{\"@type\":\"WebPage\",\"@id\":\"https:\/\/www.josiajourdan.ch\/wordpress\/veranstaltungen\/#webpage\",\"url\":\"https:\/\/www.josiajourdan.ch\/wordpress\/veranstaltungen\/\",\"name\":\"Old Booktok Workshops | Josia Jourdan\",\"isPartOf\":{\"@id\":\"https:\/\/www.josiajourdan.ch\/wordpress\/#website\"},\"primaryImageOfPage\":{\"@id\":\"https:\/\/www.josiajourdan.ch\/wordpress\/veranstaltungen\/#primaryimage\"},\"datePublished\":\"2019-01-02T15:49:38+00:00\",\"dateModified\":\"2024-05-23T16:45:27+00:00\",\"breadcrumb\":{\"@id\":\"https:\/\/www.josiajourdan.ch\/wordpress\/veranstaltungen\/#breadcrumb\"},\"inLanguage\":\"de\",\"potentialAction\":[{\"@type\":\"ReadAction\",\"target\":[\"https:\/\/www.josiajourdan.ch\/wordpress\/veranstaltungen\/\"]}]},{\"@type\":\"BreadcrumbList\",\"@id\":\"https:\/\/www.josiajourdan.ch\/wordpress\/veranstaltungen\/#breadcrumb\",\"itemListElement\":[{\"@type\":\"ListItem\",\"position\":1,\"item\":{\"@type\":\"WebPage\",\"@id\":\"https:\/\/www.josiajourdan.ch\/wordpress\/\",\"url\":\"https:\/\/www.josiajourdan.ch\/wordpress\/\",\"name\":\"Startseite\"}},{\"@type\":\"ListItem\",\"position\":2,\"item\":{\"@id\":\"https:\/\/www.josiajourdan.ch\/wordpress\/veranstaltungen\/#webpage\"}}]}]}<\/script>\n<!-- \/ Yoast SEO plugin. -->","jetpack_sharing_enabled":true,"jetpack_shortlink":"https:\/\/wp.me\/P8eAsU-10t","_links":{"self":[{"href":"https:\/\/www.josiajourdan.ch\/wordpress\/wp-json\/wp\/v2\/pages\/3873"}],"collection":[{"href":"https:\/\/www.josiajourdan.ch\/wordpress\/wp-json\/wp\/v2\/pages"}],"about":[{"href":"https:\/\/www.josiajourdan.ch\/wordpress\/wp-json\/wp\/v2\/types\/page"}],"author":[{"embeddable":true,"href":"https:\/\/www.josiajourdan.ch\/wordpress\/wp-json\/wp\/v2\/users\/3"}],"replies":[{"embeddable":true,"href":"https:\/\/www.josiajourdan.ch\/wordpress\/wp-json\/wp\/v2\/comments?post=3873"}],"version-history":[{"count":19,"href":"https:\/\/www.josiajourdan.ch\/wordpress\/wp-json\/wp\/v2\/pages\/3873\/revisions"}],"predecessor-version":[{"id":6977,"href":"https:\/\/www.josiajourdan.ch\/wordpress\/wp-json\/wp\/v2\/pages\/3873\/revisions\/6977"}],"wp:attachment":[{"href":"https:\/\/www.josiajourdan.ch\/wordpress\/wp-json\/wp\/v2\/media?parent=3873"}],"curies":[{"name":"wp","href":"https:\/\/api.w.org\/{rel}","templated":true}]}}